{"id":1314,"date":"2023-11-17T15:53:41","date_gmt":"2023-11-17T15:53:41","guid":{"rendered":"https:\/\/moumtaaz.com\/?page_id=1314"},"modified":"2023-11-20T13:19:33","modified_gmt":"2023-11-20T13:19:33","slug":"mentions-legales","status":"publish","type":"page","link":"https:\/\/moumtaaz.com\/en\/mentions-legales\/","title":{"rendered":"Mentions l\u00e9gales"},"content":{"rendered":"<div data-elementor-type=\"wp-page\" data-elementor-id=\"1314\" class=\"elementor elementor-1314\" data-elementor-post-type=\"page\">\n\t\t\t\t\t\t<section class=\"elementor-section elementor-top-section elementor-element elementor-element-819518b elementor-section-boxed elementor-section-height-default elementor-section-height-default\" data-id=\"819518b\" data-element_type=\"section\">\n\t\t\t\t\t\t<div class=\"elementor-container elementor-column-gap-default\">\n\t\t\t\t\t<div class=\"elementor-column elementor-col-100 elementor-top-column elementor-element elementor-element-5d0fe2c\" data-id=\"5d0fe2c\" data-element_type=\"column\">\n\t\t\t<div class=\"elementor-widget-wrap elementor-element-populated\">\n\t\t\t\t\t\t<div class=\"elementor-element elementor-element-69c2811 elementor-widget elementor-widget-text-editor\" data-id=\"69c2811\" data-element_type=\"widget\" data-widget_type=\"text-editor.default\">\n\t\t\t\t<div class=\"elementor-widget-container\">\n\t\t\t\t\t\t\t\t\t<h1>Mentions L\u00e9gales<\/h1><h2>1. Informations l\u00e9gales<\/h2><h3>Propri\u00e9taire du site :<\/h3><p>Moumtaaz,<\/p><p>108c\u00a0<span style=\"font-style: inherit; font-weight: inherit; color: var( --e-global-color-text ); font-family: var( --e-global-typography-text-font-family ), Sans-serif; background-color: var(--ast-global-color-5);\">rue de la R\u00e9publique,\u00a0<\/span><\/p><p><span style=\"font-style: inherit; font-weight: inherit; color: var( --e-global-color-text ); font-family: var( --e-global-typography-text-font-family ), Sans-serif; background-color: var(--ast-global-color-5);\">Jarville La Malgrange,\u00a0<\/span><\/p><p><span style=\"font-style: inherit; font-weight: inherit; color: var( --e-global-color-text ); font-family: var( --e-global-typography-text-font-family ), Sans-serif; background-color: var(--ast-global-color-5);\">France. <\/span><\/p><p><span style=\"font-style: inherit; font-weight: inherit; color: var( --e-global-color-text ); font-family: var( --e-global-typography-text-font-family ), Sans-serif; background-color: var(--ast-global-color-5);\">Email :\u00a0<\/span><span style=\"font-style: inherit; font-weight: inherit; color: var( --e-global-color-text ); font-family: var( --e-global-typography-text-font-family ), Sans-serif; background-color: var(--ast-global-color-5);\">contact[a]moumtaaz.com<\/span><\/p><h3>Directeur de la publication :<\/h3><p>Moumtaaz<\/p><h3>H\u00e9bergeur du site :<\/h3><p>1&amp;1 Internet SARL<\/p><p>7, place de la Gare BP 70109<\/p><p>57200 Sarreguemines Cedex.<\/p><p>T\u00e9l\u00e9phone: 0970 808 911. Email: info[a]<em>ionos<\/em>.fr<\/p><h2>2. Propri\u00e9t\u00e9 intellectuelle<\/h2><p>Le site <a href=\"https:\/\/moumtaaz.com\/en\/\" target=\"_new\">www.moumtaaz.com<\/a> et l&rsquo;ensemble de son contenu (textes, images, vid\u00e9os, logos, etc.) sont la propri\u00e9t\u00e9 exclusive de Moumtaaz et\/ou de ses partenaires. Toute reproduction, distribution, ou utilisation non autoris\u00e9e est strictement interdite.<\/p><h2>3. Collecte de donn\u00e9es personnelles<\/h2><h3>Cookies :<\/h3><p>Le site utilise des cookies pour am\u00e9liorer l&rsquo;exp\u00e9rience de navigation. En naviguant sur <a href=\"https:\/\/moumtaaz.com\/en\/\" target=\"_new\">www.moumtaaz.com<\/a>, l&rsquo;utilisateur consent \u00e0 l&rsquo;utilisation de ces cookies.<\/p><h3>Collecte de donn\u00e9es personnelles :<\/h3><p>Moumtaaz collecte des donn\u00e9es personnelles lors de la commande et de l&rsquo;inscription sur le site. Ces informations sont trait\u00e9es conform\u00e9ment \u00e0 notre politique de confidentialit\u00e9.<\/p><h2>4. Politique de confidentialit\u00e9<\/h2><p>Pour plus d&rsquo;informations sur la collecte et le traitement des donn\u00e9es personnelles, veuillez consulter notre <a href=\"https:\/\/moumtaaz.com\/en\/politique-de-confidentialite\/\">Politique de confidentialit\u00e9<\/a> disponible.<\/p><h2>5. Conditions g\u00e9n\u00e9rales de vente<\/h2><p>Les <a href=\"https:\/\/moumtaaz.com\/en\/conditions-generales-de-vente\/\">conditions g\u00e9n\u00e9rales de vente<\/a> r\u00e9gissent l&rsquo;ensemble des transactions entre Moumtaaz et ses clients.<\/p><h2>6. Contact<\/h2><p>Pour toute question ou pr\u00e9occupation concernant les mentions l\u00e9gales, veuillez nous contacter \u00e0 l&rsquo;adresse suivante : contact[a]moumtaaz.com<\/p>\t\t\t\t\t\t\t\t<\/div>\n\t\t\t\t<\/div>\n\t\t\t\t\t<\/div>\n\t\t<\/div>\n\t\t\t\t\t<\/div>\n\t\t<\/section>\n\t\t\t\t<\/div>","protected":false},"excerpt":{"rendered":"<p>Mentions L\u00e9gales 1. Informations l\u00e9gales Propri\u00e9taire du site : Moumtaaz, 108c\u00a0rue de la R\u00e9publique,\u00a0 Jarville La Malgrange,\u00a0 France. Email :\u00a0contact[a]moumtaaz.com Directeur de la publication : Moumtaaz H\u00e9bergeur du site : 1&amp;1 Internet SARL 7, place de la Gare BP 70109 57200 Sarreguemines Cedex. T\u00e9l\u00e9phone: 0970 808 911. Email: info[a]ionos.fr 2. Propri\u00e9t\u00e9 intellectuelle Le site www.moumtaaz.com [&hellip;]<\/p>","protected":false},"author":1,"featured_media":0,"parent":0,"menu_order":0,"comment_status":"closed","ping_status":"closed","template":"","meta":{"site-sidebar-layout":"no-sidebar","site-content-layout":"page-builder","ast-site-content-layout":"full-width-container","site-content-style":"default","site-sidebar-style":"default","ast-global-header-display":"","ast-banner-title-visibility":"","ast-main-header-display":"","ast-hfb-above-header-display":"","ast-hfb-below-header-display":"","ast-hfb-mobile-header-display":"","site-post-title":"disabled","ast-breadcrumbs-content":"","ast-featured-img":"disabled","footer-sml-layout":"","theme-transparent-header-meta":"","adv-header-id-meta":"","stick-header-meta":"","header-above-stick-meta":"","header-main-stick-meta":"","header-below-stick-meta":"","astra-migrate-meta-layouts":"set","ast-page-background-enabled":"default","ast-page-background-meta":{"desktop":{"background-color":"var(--ast-global-color-4)","background-image":"","background-repeat":"repeat","background-position":"center center","background-size":"auto","background-attachment":"scroll","background-type":"","background-media":"","overlay-type":"","overlay-color":"","overlay-opacity":"","overlay-gradient":""},"tablet":{"background-color":"","background-image":"","background-repeat":"repeat","background-position":"center center","background-size":"auto","background-attachment":"scroll","background-type":"","background-media":"","overlay-type":"","overlay-color":"","overlay-opacity":"","overlay-gradient":""},"mobile":{"background-color":"","background-image":"","background-repeat":"repeat","background-position":"center center","background-size":"auto","background-attachment":"scroll","background-type":"","background-media":"","overlay-type":"","overlay-color":"","overlay-opacity":"","overlay-gradient":""}},"ast-content-background-meta":{"desktop":{"background-color":"var(--ast-global-color-5)","background-image":"","background-repeat":"repeat","background-position":"center center","background-size":"auto","background-attachment":"scroll","background-type":"","background-media":"","overlay-type":"","overlay-color":"","overlay-opacity":"","overlay-gradient":""},"tablet":{"background-color":"var(--ast-global-color-5)","background-image":"","background-repeat":"repeat","background-position":"center center","background-size":"auto","background-attachment":"scroll","background-type":"","background-media":"","overlay-type":"","overlay-color":"","overlay-opacity":"","overlay-gradient":""},"mobile":{"background-color":"var(--ast-global-color-5)","background-image":"","background-repeat":"repeat","background-position":"center center","background-size":"auto","background-attachment":"scroll","background-type":"","background-media":"","overlay-type":"","overlay-color":"","overlay-opacity":"","overlay-gradient":""}},"footnotes":""},"class_list":["post-1314","page","type-page","status-publish","hentry"],"yoast_head":"<!-- This site is optimized with the Yoast SEO plugin v26.4 - https:\/\/yoast.com\/wordpress\/plugins\/seo\/ -->\n<title>Mentions l\u00e9gales - Moumtaaz<\/title>\n<meta name=\"robots\" content=\"noindex, nofollow\" \/>\n<meta property=\"og:locale\" content=\"en_US\" \/>\n<meta property=\"og:type\" content=\"article\" \/>\n<meta property=\"og:title\" content=\"Mentions l\u00e9gales - Moumtaaz\" \/>\n<meta property=\"og:description\" content=\"Mentions L\u00e9gales 1. Informations l\u00e9gales Propri\u00e9taire du site : Moumtaaz, 108c\u00a0rue de la R\u00e9publique,\u00a0 Jarville La Malgrange,\u00a0 France. Email :\u00a0contact[a]moumtaaz.com Directeur de la publication : Moumtaaz H\u00e9bergeur du site : 1&amp;1 Internet SARL 7, place de la Gare BP 70109 57200 Sarreguemines Cedex. T\u00e9l\u00e9phone: 0970 808 911. Email: info[a]ionos.fr 2. Propri\u00e9t\u00e9 intellectuelle Le site www.moumtaaz.com [&hellip;]\" \/>\n<meta property=\"og:url\" content=\"https:\/\/moumtaaz.com\/en\/mentions-legales\/\" \/>\n<meta property=\"og:site_name\" content=\"Moumtaaz\" \/>\n<meta property=\"article:modified_time\" content=\"2023-11-20T13:19:33+00:00\" \/>\n<meta property=\"og:image\" content=\"https:\/\/moumtaaz.com\/wp-content\/uploads\/2023\/08\/apprendre-arabe-enfants-tableau-magnetique-11.jpg\" \/>\n\t<meta property=\"og:image:width\" content=\"1000\" \/>\n\t<meta property=\"og:image:height\" content=\"650\" \/>\n\t<meta property=\"og:image:type\" content=\"image\/jpeg\" \/>\n<meta name=\"twitter:card\" content=\"summary_large_image\" \/>\n<meta name=\"twitter:label1\" content=\"Est. reading time\" \/>\n\t<meta name=\"twitter:data1\" content=\"2 minutes\" \/>\n<script type=\"application\/ld+json\" class=\"yoast-schema-graph\">{\"@context\":\"https:\/\/schema.org\",\"@graph\":[{\"@type\":\"WebPage\",\"@id\":\"https:\/\/moumtaaz.com\/mentions-legales\/\",\"url\":\"https:\/\/moumtaaz.com\/mentions-legales\/\",\"name\":\"Mentions l\u00e9gales - Moumtaaz\",\"isPartOf\":{\"@id\":\"https:\/\/moumtaaz.com\/#website\"},\"datePublished\":\"2023-11-17T15:53:41+00:00\",\"dateModified\":\"2023-11-20T13:19:33+00:00\",\"breadcrumb\":{\"@id\":\"https:\/\/moumtaaz.com\/mentions-legales\/#breadcrumb\"},\"inLanguage\":\"en-US\",\"potentialAction\":[{\"@type\":\"ReadAction\",\"target\":[\"https:\/\/moumtaaz.com\/mentions-legales\/\"]}]},{\"@type\":\"BreadcrumbList\",\"@id\":\"https:\/\/moumtaaz.com\/mentions-legales\/#breadcrumb\",\"itemListElement\":[{\"@type\":\"ListItem\",\"position\":1,\"name\":\"Accueil\",\"item\":\"https:\/\/moumtaaz.com\/\"},{\"@type\":\"ListItem\",\"position\":2,\"name\":\"Mentions l\u00e9gales\"}]},{\"@type\":\"WebSite\",\"@id\":\"https:\/\/moumtaaz.com\/#website\",\"url\":\"https:\/\/moumtaaz.com\/\",\"name\":\"Moumtaaz\",\"description\":\"Apprendre l&#039;arabe pour les enfants en s&#039;amusant avec le jeu \u00e9ducatif Moumtaaz\",\"publisher\":{\"@id\":\"https:\/\/moumtaaz.com\/#organization\"},\"potentialAction\":[{\"@type\":\"SearchAction\",\"target\":{\"@type\":\"EntryPoint\",\"urlTemplate\":\"https:\/\/moumtaaz.com\/?s={search_term_string}\"},\"query-input\":{\"@type\":\"PropertyValueSpecification\",\"valueRequired\":true,\"valueName\":\"search_term_string\"}}],\"inLanguage\":\"en-US\"},{\"@type\":\"Organization\",\"@id\":\"https:\/\/moumtaaz.com\/#organization\",\"name\":\"Moumtaaz\",\"url\":\"https:\/\/moumtaaz.com\/\",\"logo\":{\"@type\":\"ImageObject\",\"inLanguage\":\"en-US\",\"@id\":\"https:\/\/moumtaaz.com\/#\/schema\/logo\/image\/\",\"url\":\"https:\/\/moumtaaz.com\/wp-content\/uploads\/2023\/06\/logo-moumtaz-1.png\",\"contentUrl\":\"https:\/\/moumtaaz.com\/wp-content\/uploads\/2023\/06\/logo-moumtaz-1.png\",\"width\":193,\"height\":63,\"caption\":\"Moumtaaz\"},\"image\":{\"@id\":\"https:\/\/moumtaaz.com\/#\/schema\/logo\/image\/\"}}]}<\/script>\n<!-- \/ Yoast SEO plugin. -->","yoast_head_json":{"title":"Mentions l\u00e9gales - Moumtaaz","robots":{"index":"noindex","follow":"nofollow"},"og_locale":"en_US","og_type":"article","og_title":"Mentions l\u00e9gales - Moumtaaz","og_description":"Mentions L\u00e9gales 1. Informations l\u00e9gales Propri\u00e9taire du site : Moumtaaz, 108c\u00a0rue de la R\u00e9publique,\u00a0 Jarville La Malgrange,\u00a0 France. Email :\u00a0contact[a]moumtaaz.com Directeur de la publication : Moumtaaz H\u00e9bergeur du site : 1&amp;1 Internet SARL 7, place de la Gare BP 70109 57200 Sarreguemines Cedex. T\u00e9l\u00e9phone: 0970 808 911. Email: info[a]ionos.fr 2. Propri\u00e9t\u00e9 intellectuelle Le site www.moumtaaz.com [&hellip;]","og_url":"https:\/\/moumtaaz.com\/en\/mentions-legales\/","og_site_name":"Moumtaaz","article_modified_time":"2023-11-20T13:19:33+00:00","og_image":[{"width":1000,"height":650,"url":"https:\/\/moumtaaz.com\/wp-content\/uploads\/2023\/08\/apprendre-arabe-enfants-tableau-magnetique-11.jpg","type":"image\/jpeg"}],"twitter_card":"summary_large_image","twitter_misc":{"Est. reading time":"2 minutes"},"schema":{"@context":"https:\/\/schema.org","@graph":[{"@type":"WebPage","@id":"https:\/\/moumtaaz.com\/mentions-legales\/","url":"https:\/\/moumtaaz.com\/mentions-legales\/","name":"Mentions l\u00e9gales - Moumtaaz","isPartOf":{"@id":"https:\/\/moumtaaz.com\/#website"},"datePublished":"2023-11-17T15:53:41+00:00","dateModified":"2023-11-20T13:19:33+00:00","breadcrumb":{"@id":"https:\/\/moumtaaz.com\/mentions-legales\/#breadcrumb"},"inLanguage":"en-US","potentialAction":[{"@type":"ReadAction","target":["https:\/\/moumtaaz.com\/mentions-legales\/"]}]},{"@type":"BreadcrumbList","@id":"https:\/\/moumtaaz.com\/mentions-legales\/#breadcrumb","itemListElement":[{"@type":"ListItem","position":1,"name":"Accueil","item":"https:\/\/moumtaaz.com\/"},{"@type":"ListItem","position":2,"name":"Mentions l\u00e9gales"}]},{"@type":"WebSite","@id":"https:\/\/moumtaaz.com\/#website","url":"https:\/\/moumtaaz.com\/","name":"Moumtaaz","description":"Apprendre l&#039;arabe pour les enfants en s&#039;amusant avec le jeu \u00e9ducatif Moumtaaz","publisher":{"@id":"https:\/\/moumtaaz.com\/#organization"},"potentialAction":[{"@type":"SearchAction","target":{"@type":"EntryPoint","urlTemplate":"https:\/\/moumtaaz.com\/?s={search_term_string}"},"query-input":{"@type":"PropertyValueSpecification","valueRequired":true,"valueName":"search_term_string"}}],"inLanguage":"en-US"},{"@type":"Organization","@id":"https:\/\/moumtaaz.com\/#organization","name":"Moumtaaz","url":"https:\/\/moumtaaz.com\/","logo":{"@type":"ImageObject","inLanguage":"en-US","@id":"https:\/\/moumtaaz.com\/#\/schema\/logo\/image\/","url":"https:\/\/moumtaaz.com\/wp-content\/uploads\/2023\/06\/logo-moumtaz-1.png","contentUrl":"https:\/\/moumtaaz.com\/wp-content\/uploads\/2023\/06\/logo-moumtaz-1.png","width":193,"height":63,"caption":"Moumtaaz"},"image":{"@id":"https:\/\/moumtaaz.com\/#\/schema\/logo\/image\/"}}]}},"_links":{"self":[{"href":"https:\/\/moumtaaz.com\/en\/wp-json\/wp\/v2\/pages\/1314","targetHints":{"allow":["GET"]}}],"collection":[{"href":"https:\/\/moumtaaz.com\/en\/wp-json\/wp\/v2\/pages"}],"about":[{"href":"https:\/\/moumtaaz.com\/en\/wp-json\/wp\/v2\/types\/page"}],"author":[{"embeddable":true,"href":"https:\/\/moumtaaz.com\/en\/wp-json\/wp\/v2\/users\/1"}],"replies":[{"embeddable":true,"href":"https:\/\/moumtaaz.com\/en\/wp-json\/wp\/v2\/comments?post=1314"}],"version-history":[{"count":7,"href":"https:\/\/moumtaaz.com\/en\/wp-json\/wp\/v2\/pages\/1314\/revisions"}],"predecessor-version":[{"id":1335,"href":"https:\/\/moumtaaz.com\/en\/wp-json\/wp\/v2\/pages\/1314\/revisions\/1335"}],"wp:attachment":[{"href":"https:\/\/moumtaaz.com\/en\/wp-json\/wp\/v2\/media?parent=1314"}],"curies":[{"name":"wp","href":"https:\/\/api.w.org\/{rel}","templated":true}]}}