{"id":15,"date":"2023-06-07T09:36:34","date_gmt":"2023-06-07T09:36:34","guid":{"rendered":"https:\/\/moumtaaz.com\/?page_id=15"},"modified":"2026-05-12T14:07:29","modified_gmt":"2026-05-12T14:07:29","slug":"livre-imagiers-arabe-enfants","status":"publish","type":"page","link":"https:\/\/moumtaaz.com\/en\/livre-imagiers-arabe-enfants\/","title":{"rendered":"Livre connect\u00e9 imagiers pour apprendre l&rsquo;arabe aux enfants"},"content":{"rendered":"<div data-elementor-type=\"wp-page\" data-elementor-id=\"15\" class=\"elementor elementor-15\" data-elementor-post-type=\"page\">\n\t\t\t\t\t\t<section class=\"elementor-section elementor-top-section elementor-element elementor-element-aa4111f elementor-section-boxed elementor-section-height-default elementor-section-height-default\" data-id=\"aa4111f\" data-element_type=\"section\" data-e-type=\"section\">\n\t\t\t\t\t\t<div class=\"elementor-container elementor-column-gap-default\">\n\t\t\t\t\t<div class=\"elementor-column elementor-col-100 elementor-top-column elementor-element elementor-element-a638025\" data-id=\"a638025\" data-element_type=\"column\" data-e-type=\"column\">\n\t\t\t<div class=\"elementor-widget-wrap elementor-element-populated\">\n\t\t\t\t\t\t<div class=\"elementor-element elementor-element-4fac719 elementor-widget elementor-widget-heading\" data-id=\"4fac719\" data-element_type=\"widget\" data-e-type=\"widget\" data-widget_type=\"heading.default\">\n\t\t\t\t<div class=\"elementor-widget-container\">\n\t\t\t\t\t<h1 class=\"elementor-heading-title elementor-size-default\">Apprendre l'arabe avec Mon Imagier Connect\u00e9<\/h1>\t\t\t\t<\/div>\n\t\t\t\t<\/div>\n\t\t\t\t<div class=\"elementor-element elementor-element-7d5a83b elementor-widget elementor-widget-heading\" data-id=\"7d5a83b\" data-element_type=\"widget\" data-e-type=\"widget\" data-widget_type=\"heading.default\">\n\t\t\t\t<div class=\"elementor-widget-container\">\n\t\t\t\t\t<h2 class=\"elementor-heading-title elementor-size-default\">16 imagiers pour apprendre l'arabe en s'amusant<\/h2>\t\t\t\t<\/div>\n\t\t\t\t<\/div>\n\t\t\t\t<div class=\"elementor-element elementor-element-7d6a010 elementor-widget elementor-widget-text-editor\" data-id=\"7d6a010\" data-element_type=\"widget\" data-e-type=\"widget\" data-widget_type=\"text-editor.default\">\n\t\t\t\t<div class=\"elementor-widget-container\">\n\t\t\t\t\t\t\t\t\t<p>D\u00e9couvrez Mon Imagier Connect\u00e9 Moumtaaz, le premier livre connect\u00e9 arabe illustr\u00e9 pour enfants et d\u00e9butants, trilingue arabe \u00b7 fran\u00e7ais \u00b7 anglais. 16 th\u00e8mes soigneusement choisis, plus de 175 mots illustr\u00e9s, et une application web incluse pour s&rsquo;entra\u00eener \u00e0 tout moment. Un outil p\u00e9dagogique complet, ludique, et con\u00e7u pour toute la famille.<\/p>\t\t\t\t\t\t\t\t<\/div>\n\t\t\t\t<\/div>\n\t\t\t\t<div class=\"elementor-element elementor-element-6a58bf8 elementor-widget elementor-widget-image\" data-id=\"6a58bf8\" data-element_type=\"widget\" data-e-type=\"widget\" data-widget_type=\"image.default\">\n\t\t\t\t<div class=\"elementor-widget-container\">\n\t\t\t\t\t\t\t\t\t\t\t\t\t\t\t<img fetchpriority=\"high\" decoding=\"async\" width=\"1500\" height=\"896\" src=\"https:\/\/moumtaaz.com\/wp-content\/uploads\/2026\/05\/livre-connecte-moumtaaz-home.png\" class=\"attachment-full size-full wp-image-2068\" alt=\"Livre connect\u00e9 imagiers apprendre arabe enfants\" srcset=\"https:\/\/moumtaaz.com\/wp-content\/uploads\/2026\/05\/livre-connecte-moumtaaz-home.png 1500w, https:\/\/moumtaaz.com\/wp-content\/uploads\/2026\/05\/livre-connecte-moumtaaz-home-300x179.png 300w, https:\/\/moumtaaz.com\/wp-content\/uploads\/2026\/05\/livre-connecte-moumtaaz-home-1024x612.png 1024w, https:\/\/moumtaaz.com\/wp-content\/uploads\/2026\/05\/livre-connecte-moumtaaz-home-768x459.png 768w, https:\/\/moumtaaz.com\/wp-content\/uploads\/2026\/05\/livre-connecte-moumtaaz-home-18x12.png 18w, https:\/\/moumtaaz.com\/wp-content\/uploads\/2026\/05\/livre-connecte-moumtaaz-home-600x358.png 600w\" sizes=\"(max-width: 1500px) 100vw, 1500px\" \/>\t\t\t\t\t\t\t\t\t\t\t\t\t\t\t<\/div>\n\t\t\t\t<\/div>\n\t\t\t\t<div class=\"elementor-element elementor-element-bd42f0d elementor-widget__width-initial elementor-widget elementor-widget-text-editor\" data-id=\"bd42f0d\" data-element_type=\"widget\" data-e-type=\"widget\" data-widget_type=\"text-editor.default\">\n\t\t\t\t<div class=\"elementor-widget-container\">\n\t\t\t\t\t\t\t\t\t<p style=\"text-align: center;\"><span style=\"color: #339966;\">19,9<sup>\u20ac <\/sup><\/span><\/p>\t\t\t\t\t\t\t\t<\/div>\n\t\t\t\t<\/div>\n\t\t\t\t<div class=\"elementor-element elementor-element-504baa7 elementor-widget elementor-widget-text-editor\" data-id=\"504baa7\" data-element_type=\"widget\" data-e-type=\"widget\" data-widget_type=\"text-editor.default\">\n\t\t\t\t<div class=\"elementor-widget-container\">\n\t\t\t\t\t\t\t\t\t<p>DISPONIBLE PROCHAINEMENT<\/p>\t\t\t\t\t\t\t\t<\/div>\n\t\t\t\t<\/div>\n\t\t\t\t<div class=\"elementor-element elementor-element-df73671 elementor-add-to-cart--align-center elementor-hidden-desktop elementor-hidden-tablet elementor-hidden-mobile elementor-widget elementor-widget-wc-add-to-cart\" data-id=\"df73671\" data-element_type=\"widget\" data-e-type=\"widget\" data-widget_type=\"wc-add-to-cart.default\">\n\t\t\t\t<div class=\"elementor-widget-container\">\n\t\t\t\t\t\t\t\t\t<div class=\"elementor-button-wrapper\">\n\t\t\t\t\t<a rel=\"nofollow\" href=\"\/en\/livre-imagiers-arabe-enfants\/?add-to-cart=1568\" data-quantity=\"1\" data-product_id=\"1568\" class=\"product_type_simple add_to_cart_button ajax_add_to_cart elementor-button elementor-size-sm\" role=\"button\">\n\t\t\t\t\t\t<span class=\"elementor-button-content-wrapper\">\n\t\t\t\t\t\t<span class=\"elementor-button-icon\">\n\t\t\t\t<i aria-hidden=\"true\" class=\"fas fa-shopping-cart\"><\/i>\t\t\t<\/span>\n\t\t\t\t\t\t\t\t\t<span class=\"elementor-button-text\">Ajouter au panier<\/span>\n\t\t\t\t\t<\/span>\n\t\t\t\t\t<\/a>\n\t\t\t\t<\/div>\n\t\t\t\t\t\t\t\t<\/div>\n\t\t\t\t<\/div>\n\t\t\t\t<div class=\"elementor-element elementor-element-7c0fe38 elementor-widget-divider--view-line elementor-widget elementor-widget-divider\" data-id=\"7c0fe38\" data-element_type=\"widget\" data-e-type=\"widget\" data-widget_type=\"divider.default\">\n\t\t\t\t<div class=\"elementor-widget-container\">\n\t\t\t\t\t\t\t<div class=\"elementor-divider\">\n\t\t\t<span class=\"elementor-divider-separator\">\n\t\t\t\t\t\t<\/span>\n\t\t<\/div>\n\t\t\t\t\t\t<\/div>\n\t\t\t\t<\/div>\n\t\t\t\t\t<\/div>\n\t\t<\/div>\n\t\t\t\t\t<\/div>\n\t\t<\/section>\n\t\t\t\t<section class=\"elementor-section elementor-top-section elementor-element elementor-element-b3aa177 elementor-section-boxed elementor-section-height-default elementor-section-height-default\" data-id=\"b3aa177\" data-element_type=\"section\" data-e-type=\"section\">\n\t\t\t\t\t\t<div class=\"elementor-container elementor-column-gap-default\">\n\t\t\t\t\t<div class=\"elementor-column elementor-col-100 elementor-top-column elementor-element elementor-element-10e170f\" data-id=\"10e170f\" data-element_type=\"column\" data-e-type=\"column\">\n\t\t\t<div class=\"elementor-widget-wrap elementor-element-populated\">\n\t\t\t\t\t\t<div class=\"elementor-element elementor-element-f85c6f2 elementor-widget elementor-widget-heading\" data-id=\"f85c6f2\" data-element_type=\"widget\" data-e-type=\"widget\" data-widget_type=\"heading.default\">\n\t\t\t\t<div class=\"elementor-widget-container\">\n\t\t\t\t\t<h2 class=\"elementor-heading-title elementor-size-default\">175 mots illustr\u00e9s en arabe<\/h2>\t\t\t\t<\/div>\n\t\t\t\t<\/div>\n\t\t\t\t<div class=\"elementor-element elementor-element-b042dd7 elementor-widget elementor-widget-text-editor\" data-id=\"b042dd7\" data-element_type=\"widget\" data-e-type=\"widget\" data-widget_type=\"text-editor.default\">\n\t\t\t\t<div class=\"elementor-widget-container\">\n\t\t\t\t\t\t\t\t\t<p>Chaque th\u00e8me est illustr\u00e9 avec soin, traduit en arabe avec voyelles, en fran\u00e7ais et en anglais. Votre enfant d\u00e9couvre le vocabulaire arabe de fa\u00e7on progressive et visuelle.<\/p>\t\t\t\t\t\t\t\t<\/div>\n\t\t\t\t<\/div>\n\t\t\t\t\t<\/div>\n\t\t<\/div>\n\t\t\t\t\t<\/div>\n\t\t<\/section>\n\t\t\t\t<section class=\"elementor-section elementor-top-section elementor-element elementor-element-a2dd7c2 elementor-section-boxed elementor-section-height-default elementor-section-height-default\" data-id=\"a2dd7c2\" data-element_type=\"section\" data-e-type=\"section\">\n\t\t\t\t\t\t<div class=\"elementor-container elementor-column-gap-default\">\n\t\t\t\t\t<div class=\"elementor-column elementor-col-100 elementor-top-column elementor-element elementor-element-efac7d1\" data-id=\"efac7d1\" data-element_type=\"column\" data-e-type=\"column\">\n\t\t\t<div class=\"elementor-widget-wrap elementor-element-populated\">\n\t\t\t\t\t\t<div class=\"elementor-element elementor-element-5b08566 elementor-widget elementor-widget-text-editor\" data-id=\"5b08566\" data-element_type=\"widget\" data-e-type=\"widget\" data-widget_type=\"text-editor.default\">\n\t\t\t\t<div class=\"elementor-widget-container\">\n\t\t\t\t\t\t\t\t\t<p><strong>Th\u00e8mes des imagiers arabe :<\/strong><\/p>\t\t\t\t\t\t\t\t<\/div>\n\t\t\t\t<\/div>\n\t\t\t\t<section class=\"elementor-section elementor-inner-section elementor-element elementor-element-52035b0 elementor-section-boxed elementor-section-height-default elementor-section-height-default\" data-id=\"52035b0\" data-element_type=\"section\" data-e-type=\"section\">\n\t\t\t\t\t\t<div class=\"elementor-container elementor-column-gap-default\">\n\t\t\t\t\t<div class=\"elementor-column elementor-col-50 elementor-inner-column elementor-element elementor-element-3b4e12d\" data-id=\"3b4e12d\" data-element_type=\"column\" data-e-type=\"column\">\n\t\t\t<div class=\"elementor-widget-wrap elementor-element-populated\">\n\t\t\t\t\t\t<div class=\"elementor-element elementor-element-eebec71 elementor-widget elementor-widget-text-editor\" data-id=\"eebec71\" data-element_type=\"widget\" data-e-type=\"widget\" data-widget_type=\"text-editor.default\">\n\t\t\t\t<div class=\"elementor-widget-container\">\n\t\t\t\t\t\t\t\t\t<p data-start=\"56\" data-end=\"67\">\u062d\u0631\u0648\u0641 Lettres<\/p><p data-start=\"56\" data-end=\"67\">\ud83d\udd22 Nombres<\/p><p data-start=\"56\" data-end=\"67\">\ud83d\udd4c Islam<\/p><p data-start=\"56\" data-end=\"67\">\ud83c\udf4e Fruits<\/p><p data-start=\"70\" data-end=\"82\">\ud83e\udd55 L\u00e9gumes<\/p><p data-start=\"70\" data-end=\"82\">\ud83c\udfeb \u00c9cole<\/p><p data-start=\"70\" data-end=\"82\">\ud83d\udc54 M\u00e9tiers<\/p><p data-start=\"70\" data-end=\"82\">\ud83d\udc36 Animaux<\/p>\t\t\t\t\t\t\t\t<\/div>\n\t\t\t\t<\/div>\n\t\t\t\t\t<\/div>\n\t\t<\/div>\n\t\t\t\t<div class=\"elementor-column elementor-col-50 elementor-inner-column elementor-element elementor-element-7b2b6d9\" data-id=\"7b2b6d9\" data-element_type=\"column\" data-e-type=\"column\">\n\t\t\t<div class=\"elementor-widget-wrap elementor-element-populated\">\n\t\t\t\t\t\t<div class=\"elementor-element elementor-element-35f10d4 elementor-widget elementor-widget-text-editor\" data-id=\"35f10d4\" data-element_type=\"widget\" data-e-type=\"widget\" data-widget_type=\"text-editor.default\">\n\t\t\t\t<div class=\"elementor-widget-container\">\n\t\t\t\t\t\t\t\t\t<p data-start=\"70\" data-end=\"82\"><span style=\"font-style: inherit; font-weight: inherit;\">\ud83d\ude97 Transports<\/span><\/p><p data-start=\"85\" data-end=\"96\">\ud83c\udfe0 Maison<\/p><p data-start=\"148\" data-end=\"161\">\ud83e\uddcd\u200d\u2642\ufe0f Corps<\/p><p data-start=\"164\" data-end=\"175\">\ud83d\udd3a Formes<\/p><p data-start=\"164\" data-end=\"175\">\ud83c\udfa8 Couleurs\u00a0<\/p><p data-start=\"193\" data-end=\"203\">\ud83d\udcc5 Mois h\u00e9giriens<\/p><p data-start=\"193\" data-end=\"203\">\ud83d\udcc6 Mois gr\u00e9goriens<\/p><p data-start=\"193\" data-end=\"203\">\ud83c\udf38 Saisons<\/p>\t\t\t\t\t\t\t\t<\/div>\n\t\t\t\t<\/div>\n\t\t\t\t\t<\/div>\n\t\t<\/div>\n\t\t\t\t\t<\/div>\n\t\t<\/section>\n\t\t\t\t<div class=\"elementor-element elementor-element-79f8826 elementor-widget elementor-widget-spacer\" data-id=\"79f8826\" data-element_type=\"widget\" data-e-type=\"widget\" data-widget_type=\"spacer.default\">\n\t\t\t\t<div class=\"elementor-widget-container\">\n\t\t\t\t\t\t\t<div class=\"elementor-spacer\">\n\t\t\t<div class=\"elementor-spacer-inner\"><\/div>\n\t\t<\/div>\n\t\t\t\t\t\t<\/div>\n\t\t\t\t<\/div>\n\t\t\t\t\t<\/div>\n\t\t<\/div>\n\t\t\t\t\t<\/div>\n\t\t<\/section>\n\t\t\t\t<\/div>","protected":false},"excerpt":{"rendered":"<p>Apprendre l&rsquo;arabe avec Mon Imagier Connect\u00e9 16 imagiers pour apprendre l&rsquo;arabe en s&rsquo;amusant D\u00e9couvrez Mon Imagier Connect\u00e9 Moumtaaz, le premier livre connect\u00e9 arabe illustr\u00e9 pour enfants et d\u00e9butants, trilingue arabe \u00b7 fran\u00e7ais \u00b7 anglais. 16 th\u00e8mes soigneusement choisis, plus de 175 mots illustr\u00e9s, et une application web incluse pour s&rsquo;entra\u00eener \u00e0 tout moment. Un outil [&hellip;]<\/p>\n","protected":false},"author":1,"featured_media":1976,"parent":0,"menu_order":0,"comment_status":"closed","ping_status":"closed","template":"","meta":{"site-sidebar-layout":"no-sidebar","site-content-layout":"page-builder","ast-site-content-layout":"full-width-container","site-content-style":"unboxed","site-sidebar-style":"unboxed","ast-global-header-display":"","ast-banner-title-visibility":"","ast-main-header-display":"","ast-hfb-above-header-display":"","ast-hfb-below-header-display":"","ast-hfb-mobile-header-display":"","site-post-title":"disabled","ast-breadcrumbs-content":"","ast-featured-img":"disabled","footer-sml-layout":"","ast-disable-related-posts":"","theme-transparent-header-meta":"","adv-header-id-meta":"","stick-header-meta":"","header-above-stick-meta":"","header-main-stick-meta":"","header-below-stick-meta":"","astra-migrate-meta-layouts":"set","ast-page-background-enabled":"default","ast-page-background-meta":{"desktop":{"background-color":"var(--ast-global-color-4)","background-image":"","background-repeat":"repeat","background-position":"center center","background-size":"auto","background-attachment":"scroll","background-type":"","background-media":"","overlay-type":"","overlay-color":"","overlay-opacity":"","overlay-gradient":""},"tablet":{"background-color":"","background-image":"","background-repeat":"repeat","background-position":"center center","background-size":"auto","background-attachment":"scroll","background-type":"","background-media":"","overlay-type":"","overlay-color":"","overlay-opacity":"","overlay-gradient":""},"mobile":{"background-color":"","background-image":"","background-repeat":"repeat","background-position":"center center","background-size":"auto","background-attachment":"scroll","background-type":"","background-media":"","overlay-type":"","overlay-color":"","overlay-opacity":"","overlay-gradient":""}},"ast-content-background-meta":{"desktop":{"background-color":"var(--ast-global-color-5)","background-image":"","background-repeat":"repeat","background-position":"center center","background-size":"auto","background-attachment":"scroll","background-type":"","background-media":"","overlay-type":"","overlay-color":"","overlay-opacity":"","overlay-gradient":""},"tablet":{"background-color":"var(--ast-global-color-5)","background-image":"","background-repeat":"repeat","background-position":"center center","background-size":"auto","background-attachment":"scroll","background-type":"","background-media":"","overlay-type":"","overlay-color":"","overlay-opacity":"","overlay-gradient":""},"mobile":{"background-color":"var(--ast-global-color-5)","background-image":"","background-repeat":"repeat","background-position":"center center","background-size":"auto","background-attachment":"scroll","background-type":"","background-media":"","overlay-type":"","overlay-color":"","overlay-opacity":"","overlay-gradient":""}},"footnotes":""},"class_list":["post-15","page","type-page","status-publish","has-post-thumbnail","hentry"],"yoast_head":"<!-- This site is optimized with the Yoast SEO plugin v27.5 - https:\/\/yoast.com\/product\/yoast-seo-wordpress\/ -->\n<title>Livre connect\u00e9 imagiers pour apprendre l&#039;arabe \u00e0 votre enfant<\/title>\n<meta name=\"description\" content=\"D\u00e9couvrez le livre connect\u00e9 Moumtaaz : 16 imagiers illustr\u00e9s en arabe, fran\u00e7ais et anglais. Application web incluse. Id\u00e9al d\u00e8s 3 ans.\" \/>\n<meta name=\"robots\" content=\"index, follow, max-snippet:-1, max-image-preview:large, max-video-preview:-1\" \/>\n<link rel=\"canonical\" href=\"https:\/\/moumtaaz.com\/en\/livre-imagiers-arabe-enfants\/\" \/>\n<meta property=\"og:locale\" content=\"en_US\" \/>\n<meta property=\"og:type\" content=\"article\" \/>\n<meta property=\"og:title\" content=\"Livre connect\u00e9 imagiers pour apprendre l&#039;arabe \u00e0 votre enfant\" \/>\n<meta property=\"og:description\" content=\"D\u00e9couvrez le livre connect\u00e9 Moumtaaz : 16 imagiers illustr\u00e9s en arabe, fran\u00e7ais et anglais. Application web incluse. Id\u00e9al d\u00e8s 3 ans.\" \/>\n<meta property=\"og:url\" content=\"https:\/\/moumtaaz.com\/en\/livre-imagiers-arabe-enfants\/\" \/>\n<meta property=\"og:site_name\" content=\"Moumtaaz\" \/>\n<meta property=\"article:modified_time\" content=\"2026-05-12T14:07:29+00:00\" \/>\n<meta property=\"og:image\" content=\"https:\/\/moumtaaz.com\/wp-content\/uploads\/2025\/05\/imagier-arabe-mockup.png\" \/>\n\t<meta property=\"og:image:width\" content=\"1000\" \/>\n\t<meta property=\"og:image:height\" content=\"1000\" \/>\n\t<meta property=\"og:image:type\" content=\"image\/png\" \/>\n<meta name=\"twitter:card\" content=\"summary_large_image\" \/>\n<meta name=\"twitter:label1\" content=\"Est. reading time\" \/>\n\t<meta name=\"twitter:data1\" content=\"4 minutes\" \/>\n<script type=\"application\/ld+json\" class=\"yoast-schema-graph\">{\"@context\":\"https:\\\/\\\/schema.org\",\"@graph\":[{\"@type\":\"WebPage\",\"@id\":\"https:\\\/\\\/moumtaaz.com\\\/livre-imagiers-arabe-enfants\\\/\",\"url\":\"https:\\\/\\\/moumtaaz.com\\\/livre-imagiers-arabe-enfants\\\/\",\"name\":\"Livre connect\u00e9 imagiers pour apprendre l'arabe \u00e0 votre enfant\",\"isPartOf\":{\"@id\":\"https:\\\/\\\/moumtaaz.com\\\/#website\"},\"primaryImageOfPage\":{\"@id\":\"https:\\\/\\\/moumtaaz.com\\\/livre-imagiers-arabe-enfants\\\/#primaryimage\"},\"image\":{\"@id\":\"https:\\\/\\\/moumtaaz.com\\\/livre-imagiers-arabe-enfants\\\/#primaryimage\"},\"thumbnailUrl\":\"https:\\\/\\\/moumtaaz.com\\\/wp-content\\\/uploads\\\/2025\\\/05\\\/imagier-arabe-mockup.png\",\"datePublished\":\"2023-06-07T09:36:34+00:00\",\"dateModified\":\"2026-05-12T14:07:29+00:00\",\"description\":\"D\u00e9couvrez le livre connect\u00e9 Moumtaaz : 16 imagiers illustr\u00e9s en arabe, fran\u00e7ais et anglais. Application web incluse. Id\u00e9al d\u00e8s 3 ans.\",\"breadcrumb\":{\"@id\":\"https:\\\/\\\/moumtaaz.com\\\/livre-imagiers-arabe-enfants\\\/#breadcrumb\"},\"inLanguage\":\"en-US\",\"potentialAction\":[{\"@type\":\"ReadAction\",\"target\":[\"https:\\\/\\\/moumtaaz.com\\\/livre-imagiers-arabe-enfants\\\/\"]}]},{\"@type\":\"ImageObject\",\"inLanguage\":\"en-US\",\"@id\":\"https:\\\/\\\/moumtaaz.com\\\/livre-imagiers-arabe-enfants\\\/#primaryimage\",\"url\":\"https:\\\/\\\/moumtaaz.com\\\/wp-content\\\/uploads\\\/2025\\\/05\\\/imagier-arabe-mockup.png\",\"contentUrl\":\"https:\\\/\\\/moumtaaz.com\\\/wp-content\\\/uploads\\\/2025\\\/05\\\/imagier-arabe-mockup.png\",\"width\":1000,\"height\":1000,\"caption\":\"Apprendre l'arabe avec nos imagiers\"},{\"@type\":\"BreadcrumbList\",\"@id\":\"https:\\\/\\\/moumtaaz.com\\\/livre-imagiers-arabe-enfants\\\/#breadcrumb\",\"itemListElement\":[{\"@type\":\"ListItem\",\"position\":1,\"name\":\"Accueil\",\"item\":\"https:\\\/\\\/moumtaaz.com\\\/\"},{\"@type\":\"ListItem\",\"position\":2,\"name\":\"Livre connect\u00e9 imagiers pour apprendre l&rsquo;arabe aux enfants\"}]},{\"@type\":\"WebSite\",\"@id\":\"https:\\\/\\\/moumtaaz.com\\\/#website\",\"url\":\"https:\\\/\\\/moumtaaz.com\\\/\",\"name\":\"Moumtaaz\",\"description\":\"Apprendre l&#039;arabe pour les enfants en s&#039;amusant avec le jeu \u00e9ducatif Moumtaaz\",\"publisher\":{\"@id\":\"https:\\\/\\\/moumtaaz.com\\\/#organization\"},\"potentialAction\":[{\"@type\":\"SearchAction\",\"target\":{\"@type\":\"EntryPoint\",\"urlTemplate\":\"https:\\\/\\\/moumtaaz.com\\\/?s={search_term_string}\"},\"query-input\":{\"@type\":\"PropertyValueSpecification\",\"valueRequired\":true,\"valueName\":\"search_term_string\"}}],\"inLanguage\":\"en-US\"},{\"@type\":\"Organization\",\"@id\":\"https:\\\/\\\/moumtaaz.com\\\/#organization\",\"name\":\"Moumtaaz\",\"url\":\"https:\\\/\\\/moumtaaz.com\\\/\",\"logo\":{\"@type\":\"ImageObject\",\"inLanguage\":\"en-US\",\"@id\":\"https:\\\/\\\/moumtaaz.com\\\/#\\\/schema\\\/logo\\\/image\\\/\",\"url\":\"https:\\\/\\\/moumtaaz.com\\\/wp-content\\\/uploads\\\/2023\\\/06\\\/logo-moumtaz-1.png\",\"contentUrl\":\"https:\\\/\\\/moumtaaz.com\\\/wp-content\\\/uploads\\\/2023\\\/06\\\/logo-moumtaz-1.png\",\"width\":193,\"height\":63,\"caption\":\"Moumtaaz\"},\"image\":{\"@id\":\"https:\\\/\\\/moumtaaz.com\\\/#\\\/schema\\\/logo\\\/image\\\/\"}}]}<\/script>\n<!-- \/ Yoast SEO plugin. -->","yoast_head_json":{"title":"Livre connect\u00e9 imagiers pour apprendre l'arabe \u00e0 votre enfant","description":"D\u00e9couvrez le livre connect\u00e9 Moumtaaz : 16 imagiers illustr\u00e9s en arabe, fran\u00e7ais et anglais. Application web incluse. Id\u00e9al d\u00e8s 3 ans.","robots":{"index":"index","follow":"follow","max-snippet":"max-snippet:-1","max-image-preview":"max-image-preview:large","max-video-preview":"max-video-preview:-1"},"canonical":"https:\/\/moumtaaz.com\/en\/livre-imagiers-arabe-enfants\/","og_locale":"en_US","og_type":"article","og_title":"Livre connect\u00e9 imagiers pour apprendre l'arabe \u00e0 votre enfant","og_description":"D\u00e9couvrez le livre connect\u00e9 Moumtaaz : 16 imagiers illustr\u00e9s en arabe, fran\u00e7ais et anglais. Application web incluse. Id\u00e9al d\u00e8s 3 ans.","og_url":"https:\/\/moumtaaz.com\/en\/livre-imagiers-arabe-enfants\/","og_site_name":"Moumtaaz","article_modified_time":"2026-05-12T14:07:29+00:00","og_image":[{"width":1000,"height":1000,"url":"https:\/\/moumtaaz.com\/wp-content\/uploads\/2025\/05\/imagier-arabe-mockup.png","type":"image\/png"}],"twitter_card":"summary_large_image","twitter_misc":{"Est. reading time":"4 minutes"},"schema":{"@context":"https:\/\/schema.org","@graph":[{"@type":"WebPage","@id":"https:\/\/moumtaaz.com\/livre-imagiers-arabe-enfants\/","url":"https:\/\/moumtaaz.com\/livre-imagiers-arabe-enfants\/","name":"Livre connect\u00e9 imagiers pour apprendre l'arabe \u00e0 votre enfant","isPartOf":{"@id":"https:\/\/moumtaaz.com\/#website"},"primaryImageOfPage":{"@id":"https:\/\/moumtaaz.com\/livre-imagiers-arabe-enfants\/#primaryimage"},"image":{"@id":"https:\/\/moumtaaz.com\/livre-imagiers-arabe-enfants\/#primaryimage"},"thumbnailUrl":"https:\/\/moumtaaz.com\/wp-content\/uploads\/2025\/05\/imagier-arabe-mockup.png","datePublished":"2023-06-07T09:36:34+00:00","dateModified":"2026-05-12T14:07:29+00:00","description":"D\u00e9couvrez le livre connect\u00e9 Moumtaaz : 16 imagiers illustr\u00e9s en arabe, fran\u00e7ais et anglais. Application web incluse. Id\u00e9al d\u00e8s 3 ans.","breadcrumb":{"@id":"https:\/\/moumtaaz.com\/livre-imagiers-arabe-enfants\/#breadcrumb"},"inLanguage":"en-US","potentialAction":[{"@type":"ReadAction","target":["https:\/\/moumtaaz.com\/livre-imagiers-arabe-enfants\/"]}]},{"@type":"ImageObject","inLanguage":"en-US","@id":"https:\/\/moumtaaz.com\/livre-imagiers-arabe-enfants\/#primaryimage","url":"https:\/\/moumtaaz.com\/wp-content\/uploads\/2025\/05\/imagier-arabe-mockup.png","contentUrl":"https:\/\/moumtaaz.com\/wp-content\/uploads\/2025\/05\/imagier-arabe-mockup.png","width":1000,"height":1000,"caption":"Apprendre l'arabe avec nos imagiers"},{"@type":"BreadcrumbList","@id":"https:\/\/moumtaaz.com\/livre-imagiers-arabe-enfants\/#breadcrumb","itemListElement":[{"@type":"ListItem","position":1,"name":"Accueil","item":"https:\/\/moumtaaz.com\/"},{"@type":"ListItem","position":2,"name":"Livre connect\u00e9 imagiers pour apprendre l&rsquo;arabe aux enfants"}]},{"@type":"WebSite","@id":"https:\/\/moumtaaz.com\/#website","url":"https:\/\/moumtaaz.com\/","name":"Moumtaaz","description":"Apprendre l&#039;arabe pour les enfants en s&#039;amusant avec le jeu \u00e9ducatif Moumtaaz","publisher":{"@id":"https:\/\/moumtaaz.com\/#organization"},"potentialAction":[{"@type":"SearchAction","target":{"@type":"EntryPoint","urlTemplate":"https:\/\/moumtaaz.com\/?s={search_term_string}"},"query-input":{"@type":"PropertyValueSpecification","valueRequired":true,"valueName":"search_term_string"}}],"inLanguage":"en-US"},{"@type":"Organization","@id":"https:\/\/moumtaaz.com\/#organization","name":"Moumtaaz","url":"https:\/\/moumtaaz.com\/","logo":{"@type":"ImageObject","inLanguage":"en-US","@id":"https:\/\/moumtaaz.com\/#\/schema\/logo\/image\/","url":"https:\/\/moumtaaz.com\/wp-content\/uploads\/2023\/06\/logo-moumtaz-1.png","contentUrl":"https:\/\/moumtaaz.com\/wp-content\/uploads\/2023\/06\/logo-moumtaz-1.png","width":193,"height":63,"caption":"Moumtaaz"},"image":{"@id":"https:\/\/moumtaaz.com\/#\/schema\/logo\/image\/"}}]}},"_links":{"self":[{"href":"https:\/\/moumtaaz.com\/en\/wp-json\/wp\/v2\/pages\/15","targetHints":{"allow":["GET"]}}],"collection":[{"href":"https:\/\/moumtaaz.com\/en\/wp-json\/wp\/v2\/pages"}],"about":[{"href":"https:\/\/moumtaaz.com\/en\/wp-json\/wp\/v2\/types\/page"}],"author":[{"embeddable":true,"href":"https:\/\/moumtaaz.com\/en\/wp-json\/wp\/v2\/users\/1"}],"replies":[{"embeddable":true,"href":"https:\/\/moumtaaz.com\/en\/wp-json\/wp\/v2\/comments?post=15"}],"version-history":[{"count":78,"href":"https:\/\/moumtaaz.com\/en\/wp-json\/wp\/v2\/pages\/15\/revisions"}],"predecessor-version":[{"id":2117,"href":"https:\/\/moumtaaz.com\/en\/wp-json\/wp\/v2\/pages\/15\/revisions\/2117"}],"wp:featuredmedia":[{"embeddable":true,"href":"https:\/\/moumtaaz.com\/en\/wp-json\/wp\/v2\/media\/1976"}],"wp:attachment":[{"href":"https:\/\/moumtaaz.com\/en\/wp-json\/wp\/v2\/media?parent=15"}],"curies":[{"name":"wp","href":"https:\/\/api.w.org\/{rel}","templated":true}]}}