{"id":1415,"date":"2023-12-04T13:53:02","date_gmt":"2023-12-04T13:53:02","guid":{"rendered":"https:\/\/moumtaaz.com\/?post_type=product&#038;p=1415"},"modified":"2025-05-14T11:25:20","modified_gmt":"2025-05-14T11:25:20","slug":"imagier-arabe-pdf-apprendre-le-vocabulaire-des-transports","status":"publish","type":"product","link":"https:\/\/moumtaaz.com\/en\/boutique\/imagier-arabe-pdf-apprendre-le-vocabulaire-des-transports\/","title":{"rendered":"Arabic Picture Dictionary .pdf - Learn Transportation Vocabulary"},"content":{"rendered":"<p>Moumtaaz, apprendre l&rsquo;arabe en s&rsquo;amusant !<\/p>\n<p>Apprenez le vocabulaire des transports \u00e0 travers cet imagier design et color\u00e9 <strong>au format .pdf<\/strong><\/p>\n<p><strong>20 mots en arabe illustr\u00e9s, traduits en fran\u00e7ais et en anglais<\/strong> pour vous exercer \u00e0 la pratique de la langue arabe et enrichir son vocabulaire. Du v\u00e9lo au bus, en passant par la draisienne, les moyens de transports n&rsquo;auront plus de secret pour votre enfant.<\/p>\n<p>Visualisez directement votre imagier en .pdf sur ordinateur, tablette ou mobile en version .pdf, ou imprimez les diff\u00e9rentes cartes que vous pourrez plastifier pour jouer simplement de mani\u00e8re ludique.<\/p>","protected":false},"excerpt":{"rendered":"<p>Moumtaaz, apprendre l&rsquo;arabe en s&rsquo;amusant ! Apprenez le vocabulaire des transports \u00e0 travers cet imagier design et color\u00e9 au format .pdf 20 mots en arabe illustr\u00e9s, traduits en fran\u00e7ais et en anglais pour vous exercer \u00e0 la pratique de la langue arabe et enrichir son vocabulaire. Du v\u00e9lo au bus, en passant par la draisienne, [&hellip;]<\/p>","protected":false},"featured_media":1406,"comment_status":"open","ping_status":"closed","template":"","meta":{"site-sidebar-layout":"default","site-content-layout":"default","ast-site-content-layout":"default","site-content-style":"default","site-sidebar-style":"default","ast-global-header-display":"","ast-banner-title-visibility":"","ast-main-header-display":"","ast-hfb-above-header-display":"","ast-hfb-below-header-display":"","ast-hfb-mobile-header-display":"","site-post-title":"","ast-breadcrumbs-content":"","ast-featured-img":"","footer-sml-layout":"","theme-transparent-header-meta":"default","adv-header-id-meta":"","stick-header-meta":"","header-above-stick-meta":"","header-main-stick-meta":"","header-below-stick-meta":"","astra-migrate-meta-layouts":"set","ast-page-background-enabled":"default","ast-page-background-meta":{"desktop":{"background-color":"var(--ast-global-color-4)","background-image":"","background-repeat":"repeat","background-position":"center center","background-size":"auto","background-attachment":"scroll","background-type":"","background-media":"","overlay-type":"","overlay-color":"","overlay-opacity":"","overlay-gradient":""},"tablet":{"background-color":"","background-image":"","background-repeat":"repeat","background-position":"center center","background-size":"auto","background-attachment":"scroll","background-type":"","background-media":"","overlay-type":"","overlay-color":"","overlay-opacity":"","overlay-gradient":""},"mobile":{"background-color":"","background-image":"","background-repeat":"repeat","background-position":"center center","background-size":"auto","background-attachment":"scroll","background-type":"","background-media":"","overlay-type":"","overlay-color":"","overlay-opacity":"","overlay-gradient":""}},"ast-content-background-meta":{"desktop":{"background-color":"var(--ast-global-color-5)","background-image":"","background-repeat":"repeat","background-position":"center center","background-size":"auto","background-attachment":"scroll","background-type":"","background-media":"","overlay-type":"","overlay-color":"","overlay-opacity":"","overlay-gradient":""},"tablet":{"background-color":"var(--ast-global-color-5)","background-image":"","background-repeat":"repeat","background-position":"center center","background-size":"auto","background-attachment":"scroll","background-type":"","background-media":"","overlay-type":"","overlay-color":"","overlay-opacity":"","overlay-gradient":""},"mobile":{"background-color":"var(--ast-global-color-5)","background-image":"","background-repeat":"repeat","background-position":"center center","background-size":"auto","background-attachment":"scroll","background-type":"","background-media":"","overlay-type":"","overlay-color":"","overlay-opacity":"","overlay-gradient":""}}},"product_brand":[],"product_cat":[25],"product_tag":[20,26,98],"class_list":{"0":"post-1415","1":"product","2":"type-product","3":"status-publish","4":"has-post-thumbnail","6":"product_cat-imagiers","7":"product_tag-arabe","8":"product_tag-imagier","9":"product_tag-transport","10":"desktop-align-left","11":"tablet-align-left","12":"mobile-align-left","14":"first","15":"instock","16":"downloadable","17":"virtual","18":"purchasable","19":"product-type-simple"},"yoast_head":"<!-- This site is optimized with the Yoast SEO plugin v26.4 - https:\/\/yoast.com\/wordpress\/plugins\/seo\/ -->\n<title>Imagier arabe .pdf - Apprendre le vocabulaire des transports - Moumtaaz<\/title>\n<meta name=\"description\" content=\"A travers cet imagier arabe .pdf, votre enfant apprendra le vocabulaire li\u00e9 aux transports. Un excellent moyen d&#039;enrichir son vocabulaire en s&#039;amusant.\" \/>\n<meta name=\"robots\" content=\"index, follow, max-snippet:-1, max-image-preview:large, max-video-preview:-1\" \/>\n<link rel=\"canonical\" href=\"https:\/\/moumtaaz.com\/en\/boutique\/imagier-arabe-pdf-apprendre-le-vocabulaire-des-transports\/\" \/>\n<meta property=\"og:locale\" content=\"en_US\" \/>\n<meta property=\"og:type\" content=\"article\" \/>\n<meta property=\"og:title\" content=\"Imagier arabe .pdf - Apprendre le vocabulaire des transports - Moumtaaz\" \/>\n<meta property=\"og:description\" content=\"A travers cet imagier arabe .pdf, votre enfant apprendra le vocabulaire li\u00e9 aux transports. Un excellent moyen d&#039;enrichir son vocabulaire en s&#039;amusant.\" \/>\n<meta property=\"og:url\" content=\"https:\/\/moumtaaz.com\/en\/boutique\/imagier-arabe-pdf-apprendre-le-vocabulaire-des-transports\/\" \/>\n<meta property=\"og:site_name\" content=\"Moumtaaz\" \/>\n<meta property=\"article:modified_time\" content=\"2025-05-14T11:25:20+00:00\" \/>\n<meta property=\"og:image\" content=\"https:\/\/moumtaaz.com\/wp-content\/uploads\/2023\/11\/Imagier-arabe-transport.png\" \/>\n\t<meta property=\"og:image:width\" content=\"619\" \/>\n\t<meta property=\"og:image:height\" content=\"595\" \/>\n\t<meta property=\"og:image:type\" content=\"image\/png\" \/>\n<meta name=\"twitter:card\" content=\"summary_large_image\" \/>\n<meta name=\"twitter:label1\" content=\"Est. reading time\" \/>\n\t<meta name=\"twitter:data1\" content=\"1 minute\" \/>\n<script type=\"application\/ld+json\" class=\"yoast-schema-graph\">{\"@context\":\"https:\/\/schema.org\",\"@graph\":[{\"@type\":\"WebPage\",\"@id\":\"https:\/\/moumtaaz.com\/boutique\/imagier-arabe-pdf-apprendre-le-vocabulaire-des-transports\/\",\"url\":\"https:\/\/moumtaaz.com\/boutique\/imagier-arabe-pdf-apprendre-le-vocabulaire-des-transports\/\",\"name\":\"Imagier arabe .pdf - Apprendre le vocabulaire des transports - Moumtaaz\",\"isPartOf\":{\"@id\":\"https:\/\/moumtaaz.com\/#website\"},\"primaryImageOfPage\":{\"@id\":\"https:\/\/moumtaaz.com\/boutique\/imagier-arabe-pdf-apprendre-le-vocabulaire-des-transports\/#primaryimage\"},\"image\":{\"@id\":\"https:\/\/moumtaaz.com\/boutique\/imagier-arabe-pdf-apprendre-le-vocabulaire-des-transports\/#primaryimage\"},\"thumbnailUrl\":\"https:\/\/moumtaaz.com\/wp-content\/uploads\/2023\/11\/Imagier-arabe-transport.png\",\"datePublished\":\"2023-12-04T13:53:02+00:00\",\"dateModified\":\"2025-05-14T11:25:20+00:00\",\"description\":\"A travers cet imagier arabe .pdf, votre enfant apprendra le vocabulaire li\u00e9 aux transports. Un excellent moyen d'enrichir son vocabulaire en s'amusant.\",\"breadcrumb\":{\"@id\":\"https:\/\/moumtaaz.com\/boutique\/imagier-arabe-pdf-apprendre-le-vocabulaire-des-transports\/#breadcrumb\"},\"inLanguage\":\"en-US\",\"potentialAction\":[{\"@type\":\"ReadAction\",\"target\":[\"https:\/\/moumtaaz.com\/boutique\/imagier-arabe-pdf-apprendre-le-vocabulaire-des-transports\/\"]}]},{\"@type\":\"ImageObject\",\"inLanguage\":\"en-US\",\"@id\":\"https:\/\/moumtaaz.com\/boutique\/imagier-arabe-pdf-apprendre-le-vocabulaire-des-transports\/#primaryimage\",\"url\":\"https:\/\/moumtaaz.com\/wp-content\/uploads\/2023\/11\/Imagier-arabe-transport.png\",\"contentUrl\":\"https:\/\/moumtaaz.com\/wp-content\/uploads\/2023\/11\/Imagier-arabe-transport.png\",\"width\":619,\"height\":595,\"caption\":\"Imagier arabe Transports.pdf Apprendre le vocabulaire des transports\"},{\"@type\":\"BreadcrumbList\",\"@id\":\"https:\/\/moumtaaz.com\/boutique\/imagier-arabe-pdf-apprendre-le-vocabulaire-des-transports\/#breadcrumb\",\"itemListElement\":[{\"@type\":\"ListItem\",\"position\":1,\"name\":\"Accueil\",\"item\":\"https:\/\/moumtaaz.com\/\"},{\"@type\":\"ListItem\",\"position\":2,\"name\":\"Boutique\",\"item\":\"https:\/\/moumtaaz.com\/boutique\/\"},{\"@type\":\"ListItem\",\"position\":3,\"name\":\"Imagier arabe .pdf &#8211; Apprendre le vocabulaire des transports\"}]},{\"@type\":\"WebSite\",\"@id\":\"https:\/\/moumtaaz.com\/#website\",\"url\":\"https:\/\/moumtaaz.com\/\",\"name\":\"Moumtaaz\",\"description\":\"Apprendre l&#039;arabe pour les enfants en s&#039;amusant avec le jeu \u00e9ducatif Moumtaaz\",\"publisher\":{\"@id\":\"https:\/\/moumtaaz.com\/#organization\"},\"potentialAction\":[{\"@type\":\"SearchAction\",\"target\":{\"@type\":\"EntryPoint\",\"urlTemplate\":\"https:\/\/moumtaaz.com\/?s={search_term_string}\"},\"query-input\":{\"@type\":\"PropertyValueSpecification\",\"valueRequired\":true,\"valueName\":\"search_term_string\"}}],\"inLanguage\":\"en-US\"},{\"@type\":\"Organization\",\"@id\":\"https:\/\/moumtaaz.com\/#organization\",\"name\":\"Moumtaaz\",\"url\":\"https:\/\/moumtaaz.com\/\",\"logo\":{\"@type\":\"ImageObject\",\"inLanguage\":\"en-US\",\"@id\":\"https:\/\/moumtaaz.com\/#\/schema\/logo\/image\/\",\"url\":\"https:\/\/moumtaaz.com\/wp-content\/uploads\/2023\/06\/logo-moumtaz-1.png\",\"contentUrl\":\"https:\/\/moumtaaz.com\/wp-content\/uploads\/2023\/06\/logo-moumtaz-1.png\",\"width\":193,\"height\":63,\"caption\":\"Moumtaaz\"},\"image\":{\"@id\":\"https:\/\/moumtaaz.com\/#\/schema\/logo\/image\/\"}}]}<\/script>\n<!-- \/ Yoast SEO plugin. -->","yoast_head_json":{"title":"Imagier arabe .pdf - Apprendre le vocabulaire des transports - Moumtaaz","description":"A travers cet imagier arabe .pdf, votre enfant apprendra le vocabulaire li\u00e9 aux transports. Un excellent moyen d'enrichir son vocabulaire en s'amusant.","robots":{"index":"index","follow":"follow","max-snippet":"max-snippet:-1","max-image-preview":"max-image-preview:large","max-video-preview":"max-video-preview:-1"},"canonical":"https:\/\/moumtaaz.com\/en\/boutique\/imagier-arabe-pdf-apprendre-le-vocabulaire-des-transports\/","og_locale":"en_US","og_type":"article","og_title":"Imagier arabe .pdf - Apprendre le vocabulaire des transports - Moumtaaz","og_description":"A travers cet imagier arabe .pdf, votre enfant apprendra le vocabulaire li\u00e9 aux transports. Un excellent moyen d'enrichir son vocabulaire en s'amusant.","og_url":"https:\/\/moumtaaz.com\/en\/boutique\/imagier-arabe-pdf-apprendre-le-vocabulaire-des-transports\/","og_site_name":"Moumtaaz","article_modified_time":"2025-05-14T11:25:20+00:00","og_image":[{"width":619,"height":595,"url":"https:\/\/moumtaaz.com\/wp-content\/uploads\/2023\/11\/Imagier-arabe-transport.png","type":"image\/png"}],"twitter_card":"summary_large_image","twitter_misc":{"Est. reading time":"1 minute"},"schema":{"@context":"https:\/\/schema.org","@graph":[{"@type":"WebPage","@id":"https:\/\/moumtaaz.com\/boutique\/imagier-arabe-pdf-apprendre-le-vocabulaire-des-transports\/","url":"https:\/\/moumtaaz.com\/boutique\/imagier-arabe-pdf-apprendre-le-vocabulaire-des-transports\/","name":"Imagier arabe .pdf - Apprendre le vocabulaire des transports - Moumtaaz","isPartOf":{"@id":"https:\/\/moumtaaz.com\/#website"},"primaryImageOfPage":{"@id":"https:\/\/moumtaaz.com\/boutique\/imagier-arabe-pdf-apprendre-le-vocabulaire-des-transports\/#primaryimage"},"image":{"@id":"https:\/\/moumtaaz.com\/boutique\/imagier-arabe-pdf-apprendre-le-vocabulaire-des-transports\/#primaryimage"},"thumbnailUrl":"https:\/\/moumtaaz.com\/wp-content\/uploads\/2023\/11\/Imagier-arabe-transport.png","datePublished":"2023-12-04T13:53:02+00:00","dateModified":"2025-05-14T11:25:20+00:00","description":"A travers cet imagier arabe .pdf, votre enfant apprendra le vocabulaire li\u00e9 aux transports. Un excellent moyen d'enrichir son vocabulaire en s'amusant.","breadcrumb":{"@id":"https:\/\/moumtaaz.com\/boutique\/imagier-arabe-pdf-apprendre-le-vocabulaire-des-transports\/#breadcrumb"},"inLanguage":"en-US","potentialAction":[{"@type":"ReadAction","target":["https:\/\/moumtaaz.com\/boutique\/imagier-arabe-pdf-apprendre-le-vocabulaire-des-transports\/"]}]},{"@type":"ImageObject","inLanguage":"en-US","@id":"https:\/\/moumtaaz.com\/boutique\/imagier-arabe-pdf-apprendre-le-vocabulaire-des-transports\/#primaryimage","url":"https:\/\/moumtaaz.com\/wp-content\/uploads\/2023\/11\/Imagier-arabe-transport.png","contentUrl":"https:\/\/moumtaaz.com\/wp-content\/uploads\/2023\/11\/Imagier-arabe-transport.png","width":619,"height":595,"caption":"Imagier arabe Transports.pdf Apprendre le vocabulaire des transports"},{"@type":"BreadcrumbList","@id":"https:\/\/moumtaaz.com\/boutique\/imagier-arabe-pdf-apprendre-le-vocabulaire-des-transports\/#breadcrumb","itemListElement":[{"@type":"ListItem","position":1,"name":"Accueil","item":"https:\/\/moumtaaz.com\/"},{"@type":"ListItem","position":2,"name":"Boutique","item":"https:\/\/moumtaaz.com\/boutique\/"},{"@type":"ListItem","position":3,"name":"Imagier arabe .pdf &#8211; Apprendre le vocabulaire des transports"}]},{"@type":"WebSite","@id":"https:\/\/moumtaaz.com\/#website","url":"https:\/\/moumtaaz.com\/","name":"Moumtaaz","description":"Apprendre l&#039;arabe pour les enfants en s&#039;amusant avec le jeu \u00e9ducatif Moumtaaz","publisher":{"@id":"https:\/\/moumtaaz.com\/#organization"},"potentialAction":[{"@type":"SearchAction","target":{"@type":"EntryPoint","urlTemplate":"https:\/\/moumtaaz.com\/?s={search_term_string}"},"query-input":{"@type":"PropertyValueSpecification","valueRequired":true,"valueName":"search_term_string"}}],"inLanguage":"en-US"},{"@type":"Organization","@id":"https:\/\/moumtaaz.com\/#organization","name":"Moumtaaz","url":"https:\/\/moumtaaz.com\/","logo":{"@type":"ImageObject","inLanguage":"en-US","@id":"https:\/\/moumtaaz.com\/#\/schema\/logo\/image\/","url":"https:\/\/moumtaaz.com\/wp-content\/uploads\/2023\/06\/logo-moumtaz-1.png","contentUrl":"https:\/\/moumtaaz.com\/wp-content\/uploads\/2023\/06\/logo-moumtaz-1.png","width":193,"height":63,"caption":"Moumtaaz"},"image":{"@id":"https:\/\/moumtaaz.com\/#\/schema\/logo\/image\/"}}]}},"_links":{"self":[{"href":"https:\/\/moumtaaz.com\/en\/wp-json\/wp\/v2\/product\/1415","targetHints":{"allow":["GET"]}}],"collection":[{"href":"https:\/\/moumtaaz.com\/en\/wp-json\/wp\/v2\/product"}],"about":[{"href":"https:\/\/moumtaaz.com\/en\/wp-json\/wp\/v2\/types\/product"}],"replies":[{"embeddable":true,"href":"https:\/\/moumtaaz.com\/en\/wp-json\/wp\/v2\/comments?post=1415"}],"wp:featuredmedia":[{"embeddable":true,"href":"https:\/\/moumtaaz.com\/en\/wp-json\/wp\/v2\/media\/1406"}],"wp:attachment":[{"href":"https:\/\/moumtaaz.com\/en\/wp-json\/wp\/v2\/media?parent=1415"}],"wp:term":[{"taxonomy":"product_brand","embeddable":true,"href":"https:\/\/moumtaaz.com\/en\/wp-json\/wp\/v2\/product_brand?post=1415"},{"taxonomy":"product_cat","embeddable":true,"href":"https:\/\/moumtaaz.com\/en\/wp-json\/wp\/v2\/product_cat?post=1415"},{"taxonomy":"product_tag","embeddable":true,"href":"https:\/\/moumtaaz.com\/en\/wp-json\/wp\/v2\/product_tag?post=1415"}],"curies":[{"name":"wp","href":"https:\/\/api.w.org\/{rel}","templated":true}]}}