{"id":1568,"date":"2024-01-10T17:38:25","date_gmt":"2024-01-10T17:38:25","guid":{"rendered":"https:\/\/moumtaaz.com\/?post_type=product&#038;p=1568"},"modified":"2025-05-15T12:56:36","modified_gmt":"2025-05-15T12:56:36","slug":"imagier-arabe-pdf-enrichir-son-vocabulaire","status":"publish","type":"product","link":"https:\/\/moumtaaz.com\/en\/boutique\/imagier-arabe-pdf-enrichir-son-vocabulaire\/","title":{"rendered":"10 Arabic Picture Dictionaries .pdf - Enrich Your Arabic Vocabulary"},"content":{"rendered":"<p>Moumtaaz, apprendre l&rsquo;arabe en s&rsquo;amusant !<\/p>\n<p>Apprenez le vocabulaire <strong>arabe<\/strong> \u00e0 travers des imagiers designs et color\u00e9s <strong>au format .pdf<\/strong><\/p>\n<p><strong>Des mots en arabe illustr\u00e9s, traduits en fran\u00e7ais et en anglais<\/strong> pour vous exercer \u00e0 la pratique de la langue arabe et enrichir son vocabulaire :<\/p>\n<ul>\n<li>Fruits<\/li>\n<li>L\u00e9gumes<\/li>\n<li>Ecole<\/li>\n<li>Corps humain<\/li>\n<li>Maison<\/li>\n<li>Formes<\/li>\n<li>Animaux<\/li>\n<li>Maison<\/li>\n<li>Nombres<\/li>\n<li>Transports<\/li>\n<\/ul>\n<p>Visualisez directement votre imagier en .pdf sur ordinateur, tablette ou mobile en version .pdf, ou imprimez les diff\u00e9rentes cartes que vous pourrez plastifier pour jouer simplement de mani\u00e8re ludique.<\/p>","protected":false},"excerpt":{"rendered":"<p>Moumtaaz, apprendre l&rsquo;arabe en s&rsquo;amusant ! Apprenez le vocabulaire arabe \u00e0 travers des imagiers designs et color\u00e9s au format .pdf Des mots en arabe illustr\u00e9s, traduits en fran\u00e7ais et en anglais pour vous exercer \u00e0 la pratique de la langue arabe et enrichir son vocabulaire : Fruits L\u00e9gumes Ecole Corps humain Maison Formes Animaux Maison [&hellip;]<\/p>","protected":false},"featured_media":1976,"comment_status":"open","ping_status":"closed","template":"","meta":{"site-sidebar-layout":"default","site-content-layout":"default","ast-site-content-layout":"default","site-content-style":"default","site-sidebar-style":"default","ast-global-header-display":"","ast-banner-title-visibility":"","ast-main-header-display":"","ast-hfb-above-header-display":"","ast-hfb-below-header-display":"","ast-hfb-mobile-header-display":"","site-post-title":"","ast-breadcrumbs-content":"","ast-featured-img":"","footer-sml-layout":"","theme-transparent-header-meta":"default","adv-header-id-meta":"","stick-header-meta":"","header-above-stick-meta":"","header-main-stick-meta":"","header-below-stick-meta":"","astra-migrate-meta-layouts":"set","ast-page-background-enabled":"default","ast-page-background-meta":{"desktop":{"background-color":"var(--ast-global-color-4)","background-image":"","background-repeat":"repeat","background-position":"center center","background-size":"auto","background-attachment":"scroll","background-type":"","background-media":"","overlay-type":"","overlay-color":"","overlay-opacity":"","overlay-gradient":""},"tablet":{"background-color":"","background-image":"","background-repeat":"repeat","background-position":"center center","background-size":"auto","background-attachment":"scroll","background-type":"","background-media":"","overlay-type":"","overlay-color":"","overlay-opacity":"","overlay-gradient":""},"mobile":{"background-color":"","background-image":"","background-repeat":"repeat","background-position":"center center","background-size":"auto","background-attachment":"scroll","background-type":"","background-media":"","overlay-type":"","overlay-color":"","overlay-opacity":"","overlay-gradient":""}},"ast-content-background-meta":{"desktop":{"background-color":"var(--ast-global-color-5)","background-image":"","background-repeat":"repeat","background-position":"center center","background-size":"auto","background-attachment":"scroll","background-type":"","background-media":"","overlay-type":"","overlay-color":"","overlay-opacity":"","overlay-gradient":""},"tablet":{"background-color":"var(--ast-global-color-5)","background-image":"","background-repeat":"repeat","background-position":"center center","background-size":"auto","background-attachment":"scroll","background-type":"","background-media":"","overlay-type":"","overlay-color":"","overlay-opacity":"","overlay-gradient":""},"mobile":{"background-color":"var(--ast-global-color-5)","background-image":"","background-repeat":"repeat","background-position":"center center","background-size":"auto","background-attachment":"scroll","background-type":"","background-media":"","overlay-type":"","overlay-color":"","overlay-opacity":"","overlay-gradient":""}}},"product_brand":[],"product_cat":[25],"product_tag":[20,26,104],"class_list":{"0":"post-1568","1":"product","2":"type-product","3":"status-publish","4":"has-post-thumbnail","6":"product_cat-imagiers","7":"product_tag-arabe","8":"product_tag-imagier","9":"product_tag-pdf","10":"desktop-align-left","11":"tablet-align-left","12":"mobile-align-left","14":"first","15":"instock","16":"downloadable","17":"virtual","18":"purchasable","19":"product-type-simple"},"yoast_head":"<!-- This site is optimized with the Yoast SEO plugin v26.4 - https:\/\/yoast.com\/wordpress\/plugins\/seo\/ -->\n<title>10 Imagiers arabe .pdf - Enrichir son vocabulaire arabe - Moumtaaz<\/title>\n<meta name=\"description\" content=\"A travers ces imagiers arabe .pdf, votre enfant apprendra de nouveaux mots sur diff\u00e9rents sujets. Un excellent moyen d&#039;enrichir son vocabulaire en s&#039;amusant.\" \/>\n<meta name=\"robots\" content=\"index, follow, max-snippet:-1, max-image-preview:large, max-video-preview:-1\" \/>\n<link rel=\"canonical\" href=\"https:\/\/moumtaaz.com\/en\/boutique\/imagier-arabe-pdf-enrichir-son-vocabulaire\/\" \/>\n<meta property=\"og:locale\" content=\"en_US\" \/>\n<meta property=\"og:type\" content=\"article\" \/>\n<meta property=\"og:title\" content=\"10 Imagiers arabe .pdf - Enrichir son vocabulaire arabe - Moumtaaz\" \/>\n<meta property=\"og:description\" content=\"A travers ces imagiers arabe .pdf, votre enfant apprendra de nouveaux mots sur diff\u00e9rents sujets. Un excellent moyen d&#039;enrichir son vocabulaire en s&#039;amusant.\" \/>\n<meta property=\"og:url\" content=\"https:\/\/moumtaaz.com\/en\/boutique\/imagier-arabe-pdf-enrichir-son-vocabulaire\/\" \/>\n<meta property=\"og:site_name\" content=\"Moumtaaz\" \/>\n<meta property=\"article:modified_time\" content=\"2025-05-15T12:56:36+00:00\" \/>\n<meta property=\"og:image\" content=\"https:\/\/moumtaaz.com\/wp-content\/uploads\/2025\/05\/imagier-arabe-mockup.png\" \/>\n\t<meta property=\"og:image:width\" content=\"1000\" \/>\n\t<meta property=\"og:image:height\" content=\"1000\" \/>\n\t<meta property=\"og:image:type\" content=\"image\/png\" \/>\n<meta name=\"twitter:card\" content=\"summary_large_image\" \/>\n<meta name=\"twitter:label1\" content=\"Est. reading time\" \/>\n\t<meta name=\"twitter:data1\" content=\"1 minute\" \/>\n<script type=\"application\/ld+json\" class=\"yoast-schema-graph\">{\"@context\":\"https:\/\/schema.org\",\"@graph\":[{\"@type\":\"WebPage\",\"@id\":\"https:\/\/moumtaaz.com\/boutique\/imagier-arabe-pdf-enrichir-son-vocabulaire\/\",\"url\":\"https:\/\/moumtaaz.com\/boutique\/imagier-arabe-pdf-enrichir-son-vocabulaire\/\",\"name\":\"10 Imagiers arabe .pdf - Enrichir son vocabulaire arabe - Moumtaaz\",\"isPartOf\":{\"@id\":\"https:\/\/moumtaaz.com\/#website\"},\"primaryImageOfPage\":{\"@id\":\"https:\/\/moumtaaz.com\/boutique\/imagier-arabe-pdf-enrichir-son-vocabulaire\/#primaryimage\"},\"image\":{\"@id\":\"https:\/\/moumtaaz.com\/boutique\/imagier-arabe-pdf-enrichir-son-vocabulaire\/#primaryimage\"},\"thumbnailUrl\":\"https:\/\/moumtaaz.com\/wp-content\/uploads\/2025\/05\/imagier-arabe-mockup.png\",\"datePublished\":\"2024-01-10T17:38:25+00:00\",\"dateModified\":\"2025-05-15T12:56:36+00:00\",\"description\":\"A travers ces imagiers arabe .pdf, votre enfant apprendra de nouveaux mots sur diff\u00e9rents sujets. Un excellent moyen d'enrichir son vocabulaire en s'amusant.\",\"breadcrumb\":{\"@id\":\"https:\/\/moumtaaz.com\/boutique\/imagier-arabe-pdf-enrichir-son-vocabulaire\/#breadcrumb\"},\"inLanguage\":\"en-US\",\"potentialAction\":[{\"@type\":\"ReadAction\",\"target\":[\"https:\/\/moumtaaz.com\/boutique\/imagier-arabe-pdf-enrichir-son-vocabulaire\/\"]}]},{\"@type\":\"ImageObject\",\"inLanguage\":\"en-US\",\"@id\":\"https:\/\/moumtaaz.com\/boutique\/imagier-arabe-pdf-enrichir-son-vocabulaire\/#primaryimage\",\"url\":\"https:\/\/moumtaaz.com\/wp-content\/uploads\/2025\/05\/imagier-arabe-mockup.png\",\"contentUrl\":\"https:\/\/moumtaaz.com\/wp-content\/uploads\/2025\/05\/imagier-arabe-mockup.png\",\"width\":1000,\"height\":1000,\"caption\":\"Apprendre l'arabe avec nos imagiers\"},{\"@type\":\"BreadcrumbList\",\"@id\":\"https:\/\/moumtaaz.com\/boutique\/imagier-arabe-pdf-enrichir-son-vocabulaire\/#breadcrumb\",\"itemListElement\":[{\"@type\":\"ListItem\",\"position\":1,\"name\":\"Accueil\",\"item\":\"https:\/\/moumtaaz.com\/\"},{\"@type\":\"ListItem\",\"position\":2,\"name\":\"Boutique\",\"item\":\"https:\/\/moumtaaz.com\/boutique\/\"},{\"@type\":\"ListItem\",\"position\":3,\"name\":\"10 Imagiers arabe .pdf &#8211; Enrichir son vocabulaire arabe\"}]},{\"@type\":\"WebSite\",\"@id\":\"https:\/\/moumtaaz.com\/#website\",\"url\":\"https:\/\/moumtaaz.com\/\",\"name\":\"Moumtaaz\",\"description\":\"Apprendre l&#039;arabe pour les enfants en s&#039;amusant avec le jeu \u00e9ducatif Moumtaaz\",\"publisher\":{\"@id\":\"https:\/\/moumtaaz.com\/#organization\"},\"potentialAction\":[{\"@type\":\"SearchAction\",\"target\":{\"@type\":\"EntryPoint\",\"urlTemplate\":\"https:\/\/moumtaaz.com\/?s={search_term_string}\"},\"query-input\":{\"@type\":\"PropertyValueSpecification\",\"valueRequired\":true,\"valueName\":\"search_term_string\"}}],\"inLanguage\":\"en-US\"},{\"@type\":\"Organization\",\"@id\":\"https:\/\/moumtaaz.com\/#organization\",\"name\":\"Moumtaaz\",\"url\":\"https:\/\/moumtaaz.com\/\",\"logo\":{\"@type\":\"ImageObject\",\"inLanguage\":\"en-US\",\"@id\":\"https:\/\/moumtaaz.com\/#\/schema\/logo\/image\/\",\"url\":\"https:\/\/moumtaaz.com\/wp-content\/uploads\/2023\/06\/logo-moumtaz-1.png\",\"contentUrl\":\"https:\/\/moumtaaz.com\/wp-content\/uploads\/2023\/06\/logo-moumtaz-1.png\",\"width\":193,\"height\":63,\"caption\":\"Moumtaaz\"},\"image\":{\"@id\":\"https:\/\/moumtaaz.com\/#\/schema\/logo\/image\/\"}}]}<\/script>\n<!-- \/ Yoast SEO plugin. -->","yoast_head_json":{"title":"10 Imagiers arabe .pdf - Enrichir son vocabulaire arabe - Moumtaaz","description":"A travers ces imagiers arabe .pdf, votre enfant apprendra de nouveaux mots sur diff\u00e9rents sujets. Un excellent moyen d'enrichir son vocabulaire en s'amusant.","robots":{"index":"index","follow":"follow","max-snippet":"max-snippet:-1","max-image-preview":"max-image-preview:large","max-video-preview":"max-video-preview:-1"},"canonical":"https:\/\/moumtaaz.com\/en\/boutique\/imagier-arabe-pdf-enrichir-son-vocabulaire\/","og_locale":"en_US","og_type":"article","og_title":"10 Imagiers arabe .pdf - Enrichir son vocabulaire arabe - Moumtaaz","og_description":"A travers ces imagiers arabe .pdf, votre enfant apprendra de nouveaux mots sur diff\u00e9rents sujets. Un excellent moyen d'enrichir son vocabulaire en s'amusant.","og_url":"https:\/\/moumtaaz.com\/en\/boutique\/imagier-arabe-pdf-enrichir-son-vocabulaire\/","og_site_name":"Moumtaaz","article_modified_time":"2025-05-15T12:56:36+00:00","og_image":[{"width":1000,"height":1000,"url":"https:\/\/moumtaaz.com\/wp-content\/uploads\/2025\/05\/imagier-arabe-mockup.png","type":"image\/png"}],"twitter_card":"summary_large_image","twitter_misc":{"Est. reading time":"1 minute"},"schema":{"@context":"https:\/\/schema.org","@graph":[{"@type":"WebPage","@id":"https:\/\/moumtaaz.com\/boutique\/imagier-arabe-pdf-enrichir-son-vocabulaire\/","url":"https:\/\/moumtaaz.com\/boutique\/imagier-arabe-pdf-enrichir-son-vocabulaire\/","name":"10 Imagiers arabe .pdf - Enrichir son vocabulaire arabe - Moumtaaz","isPartOf":{"@id":"https:\/\/moumtaaz.com\/#website"},"primaryImageOfPage":{"@id":"https:\/\/moumtaaz.com\/boutique\/imagier-arabe-pdf-enrichir-son-vocabulaire\/#primaryimage"},"image":{"@id":"https:\/\/moumtaaz.com\/boutique\/imagier-arabe-pdf-enrichir-son-vocabulaire\/#primaryimage"},"thumbnailUrl":"https:\/\/moumtaaz.com\/wp-content\/uploads\/2025\/05\/imagier-arabe-mockup.png","datePublished":"2024-01-10T17:38:25+00:00","dateModified":"2025-05-15T12:56:36+00:00","description":"A travers ces imagiers arabe .pdf, votre enfant apprendra de nouveaux mots sur diff\u00e9rents sujets. Un excellent moyen d'enrichir son vocabulaire en s'amusant.","breadcrumb":{"@id":"https:\/\/moumtaaz.com\/boutique\/imagier-arabe-pdf-enrichir-son-vocabulaire\/#breadcrumb"},"inLanguage":"en-US","potentialAction":[{"@type":"ReadAction","target":["https:\/\/moumtaaz.com\/boutique\/imagier-arabe-pdf-enrichir-son-vocabulaire\/"]}]},{"@type":"ImageObject","inLanguage":"en-US","@id":"https:\/\/moumtaaz.com\/boutique\/imagier-arabe-pdf-enrichir-son-vocabulaire\/#primaryimage","url":"https:\/\/moumtaaz.com\/wp-content\/uploads\/2025\/05\/imagier-arabe-mockup.png","contentUrl":"https:\/\/moumtaaz.com\/wp-content\/uploads\/2025\/05\/imagier-arabe-mockup.png","width":1000,"height":1000,"caption":"Apprendre l'arabe avec nos imagiers"},{"@type":"BreadcrumbList","@id":"https:\/\/moumtaaz.com\/boutique\/imagier-arabe-pdf-enrichir-son-vocabulaire\/#breadcrumb","itemListElement":[{"@type":"ListItem","position":1,"name":"Accueil","item":"https:\/\/moumtaaz.com\/"},{"@type":"ListItem","position":2,"name":"Boutique","item":"https:\/\/moumtaaz.com\/boutique\/"},{"@type":"ListItem","position":3,"name":"10 Imagiers arabe .pdf &#8211; Enrichir son vocabulaire arabe"}]},{"@type":"WebSite","@id":"https:\/\/moumtaaz.com\/#website","url":"https:\/\/moumtaaz.com\/","name":"Moumtaaz","description":"Apprendre l&#039;arabe pour les enfants en s&#039;amusant avec le jeu \u00e9ducatif Moumtaaz","publisher":{"@id":"https:\/\/moumtaaz.com\/#organization"},"potentialAction":[{"@type":"SearchAction","target":{"@type":"EntryPoint","urlTemplate":"https:\/\/moumtaaz.com\/?s={search_term_string}"},"query-input":{"@type":"PropertyValueSpecification","valueRequired":true,"valueName":"search_term_string"}}],"inLanguage":"en-US"},{"@type":"Organization","@id":"https:\/\/moumtaaz.com\/#organization","name":"Moumtaaz","url":"https:\/\/moumtaaz.com\/","logo":{"@type":"ImageObject","inLanguage":"en-US","@id":"https:\/\/moumtaaz.com\/#\/schema\/logo\/image\/","url":"https:\/\/moumtaaz.com\/wp-content\/uploads\/2023\/06\/logo-moumtaz-1.png","contentUrl":"https:\/\/moumtaaz.com\/wp-content\/uploads\/2023\/06\/logo-moumtaz-1.png","width":193,"height":63,"caption":"Moumtaaz"},"image":{"@id":"https:\/\/moumtaaz.com\/#\/schema\/logo\/image\/"}}]}},"_links":{"self":[{"href":"https:\/\/moumtaaz.com\/en\/wp-json\/wp\/v2\/product\/1568","targetHints":{"allow":["GET"]}}],"collection":[{"href":"https:\/\/moumtaaz.com\/en\/wp-json\/wp\/v2\/product"}],"about":[{"href":"https:\/\/moumtaaz.com\/en\/wp-json\/wp\/v2\/types\/product"}],"replies":[{"embeddable":true,"href":"https:\/\/moumtaaz.com\/en\/wp-json\/wp\/v2\/comments?post=1568"}],"wp:featuredmedia":[{"embeddable":true,"href":"https:\/\/moumtaaz.com\/en\/wp-json\/wp\/v2\/media\/1976"}],"wp:attachment":[{"href":"https:\/\/moumtaaz.com\/en\/wp-json\/wp\/v2\/media?parent=1568"}],"wp:term":[{"taxonomy":"product_brand","embeddable":true,"href":"https:\/\/moumtaaz.com\/en\/wp-json\/wp\/v2\/product_brand?post=1568"},{"taxonomy":"product_cat","embeddable":true,"href":"https:\/\/moumtaaz.com\/en\/wp-json\/wp\/v2\/product_cat?post=1568"},{"taxonomy":"product_tag","embeddable":true,"href":"https:\/\/moumtaaz.com\/en\/wp-json\/wp\/v2\/product_tag?post=1568"}],"curies":[{"name":"wp","href":"https:\/\/api.w.org\/{rel}","templated":true}]}}