{"id":261,"date":"2023-07-03T14:22:03","date_gmt":"2023-07-03T14:22:03","guid":{"rendered":"https:\/\/moumtaaz.com\/?post_type=product&#038;p=261"},"modified":"2025-10-08T14:26:23","modified_gmt":"2025-10-08T14:26:23","slug":"tableau-magnetique-apprentissage-langue-arabe","status":"publish","type":"product","link":"https:\/\/moumtaaz.com\/en\/boutique\/tableau-magnetique-apprentissage-langue-arabe\/","title":{"rendered":"Tableau magn\u00e9tique d&rsquo;apprentissage de la langue arabe"},"content":{"rendered":"<p><strong>Moumtaz, <\/strong>apprendre l\u2019arabe en s\u2019amusant pour les enfants.<\/p>\n<p>M\u00e9moriser les lettres de l\u2019alphabet arabe et \u00e9crire ses premiers mots de mani\u00e8re ludique et intelligente avec notre coffret de 177 lettres, nombre et accents magn\u00e9tiques.<\/p>\n<ul>\n<li>179 lettres color\u00e9es magn\u00e9tiques<\/li>\n<li>4 letter positions: beginning, middle, end of word, or isolated<\/li>\n<li>5 formes d\u2019accents : fatha, damma, kasra, shadda, soukoun<\/li>\n<li>Tableau magn\u00e9tique double faces : blanc et noir<\/li>\n<li>Bo\u00eete de rangement pratique en bois : 5 espaces de rangement pour vos lettres et accents<\/li>\n<li>Marker, chalk, and brush included<\/li>\n<\/ul>","protected":false},"excerpt":{"rendered":"<p>Tableau magn\u00e9tique d&rsquo;apprentissage de la langue arabe Moumtaaz : M\u00e9moriser les lettres de l\u2019alphabet arabe et \u00e9crire ses premiers mots de mani\u00e8re ludique et intelligente avec <strong>notre coffret de 179 lettres, nombre et accents aimant\u00e9s<\/strong>.<\/p>","protected":false},"featured_media":535,"comment_status":"open","ping_status":"closed","template":"","meta":{"site-sidebar-layout":"default","site-content-layout":"default","ast-site-content-layout":"default","site-content-style":"default","site-sidebar-style":"default","ast-global-header-display":"","ast-banner-title-visibility":"","ast-main-header-display":"","ast-hfb-above-header-display":"","ast-hfb-below-header-display":"","ast-hfb-mobile-header-display":"","site-post-title":"","ast-breadcrumbs-content":"","ast-featured-img":"","footer-sml-layout":"","theme-transparent-header-meta":"default","adv-header-id-meta":"","stick-header-meta":"","header-above-stick-meta":"","header-main-stick-meta":"","header-below-stick-meta":"","astra-migrate-meta-layouts":"set","ast-page-background-enabled":"default","ast-page-background-meta":{"desktop":{"background-color":"var(--ast-global-color-4)","background-image":"","background-repeat":"repeat","background-position":"center center","background-size":"auto","background-attachment":"scroll","background-type":"","background-media":"","overlay-type":"","overlay-color":"","overlay-opacity":"","overlay-gradient":""},"tablet":{"background-color":"","background-image":"","background-repeat":"repeat","background-position":"center center","background-size":"auto","background-attachment":"scroll","background-type":"","background-media":"","overlay-type":"","overlay-color":"","overlay-opacity":"","overlay-gradient":""},"mobile":{"background-color":"","background-image":"","background-repeat":"repeat","background-position":"center center","background-size":"auto","background-attachment":"scroll","background-type":"","background-media":"","overlay-type":"","overlay-color":"","overlay-opacity":"","overlay-gradient":""}},"ast-content-background-meta":{"desktop":{"background-color":"var(--ast-global-color-5)","background-image":"","background-repeat":"repeat","background-position":"center center","background-size":"auto","background-attachment":"scroll","background-type":"","background-media":"","overlay-type":"","overlay-color":"","overlay-opacity":"","overlay-gradient":""},"tablet":{"background-color":"var(--ast-global-color-5)","background-image":"","background-repeat":"repeat","background-position":"center center","background-size":"auto","background-attachment":"scroll","background-type":"","background-media":"","overlay-type":"","overlay-color":"","overlay-opacity":"","overlay-gradient":""},"mobile":{"background-color":"var(--ast-global-color-5)","background-image":"","background-repeat":"repeat","background-position":"center center","background-size":"auto","background-attachment":"scroll","background-type":"","background-media":"","overlay-type":"","overlay-color":"","overlay-opacity":"","overlay-gradient":""}}},"product_brand":[],"product_cat":[18],"product_tag":[24,19,20,23,21,22],"class_list":{"0":"post-261","1":"product","2":"type-product","3":"status-publish","4":"has-post-thumbnail","6":"product_cat-tableau-magnetique","7":"product_tag-aimantes","8":"product_tag-apprentissage","9":"product_tag-arabe","10":"product_tag-chiffres","11":"product_tag-enfant","12":"product_tag-lettres","13":"desktop-align-left","14":"tablet-align-left","15":"mobile-align-left","17":"first","18":"outofstock","19":"sale","20":"shipping-taxable","21":"purchasable","22":"product-type-simple"},"yoast_head":"<!-- This site is optimized with the Yoast SEO plugin v26.4 - https:\/\/yoast.com\/wordpress\/plugins\/seo\/ -->\n<title>Tableau magn\u00e9tique d&#039;apprentissage de la langue arabe<\/title>\n<meta name=\"description\" content=\"M\u00e9moriser les chiffres et lettres arabes | Ecrire ses premiers mots | Apprendre \u00e0 compter avec notre tableau magn\u00e9tique | 179 lettres et chiffres aimant\u00e9s.\" \/>\n<meta name=\"robots\" content=\"index, follow, max-snippet:-1, max-image-preview:large, max-video-preview:-1\" \/>\n<link rel=\"canonical\" href=\"https:\/\/moumtaaz.com\/en\/boutique\/tableau-magnetique-apprentissage-langue-arabe\/\" \/>\n<meta property=\"og:locale\" content=\"en_US\" \/>\n<meta property=\"og:type\" content=\"article\" \/>\n<meta property=\"og:title\" content=\"Tableau magn\u00e9tique d&#039;apprentissage de la langue arabe\" \/>\n<meta property=\"og:description\" content=\"M\u00e9moriser les chiffres et lettres arabes | Ecrire ses premiers mots | Apprendre \u00e0 compter avec notre tableau magn\u00e9tique | 179 lettres et chiffres aimant\u00e9s.\" \/>\n<meta property=\"og:url\" content=\"https:\/\/moumtaaz.com\/en\/boutique\/tableau-magnetique-apprentissage-langue-arabe\/\" \/>\n<meta property=\"og:site_name\" content=\"Moumtaaz\" \/>\n<meta property=\"article:modified_time\" content=\"2025-10-08T14:26:23+00:00\" \/>\n<meta property=\"og:image\" content=\"https:\/\/moumtaaz.com\/wp-content\/uploads\/2023\/08\/apprendre-arabe-enfants-tableau-magnetique-11.jpg\" \/>\n\t<meta property=\"og:image:width\" content=\"1000\" \/>\n\t<meta property=\"og:image:height\" content=\"650\" \/>\n\t<meta property=\"og:image:type\" content=\"image\/jpeg\" \/>\n<meta name=\"twitter:card\" content=\"summary_large_image\" \/>\n<meta name=\"twitter:label1\" content=\"Est. reading time\" \/>\n\t<meta name=\"twitter:data1\" content=\"1 minute\" \/>\n<script type=\"application\/ld+json\" class=\"yoast-schema-graph\">{\"@context\":\"https:\/\/schema.org\",\"@graph\":[{\"@type\":\"WebPage\",\"@id\":\"https:\/\/moumtaaz.com\/boutique\/tableau-magnetique-apprentissage-langue-arabe\/\",\"url\":\"https:\/\/moumtaaz.com\/boutique\/tableau-magnetique-apprentissage-langue-arabe\/\",\"name\":\"Tableau magn\u00e9tique d'apprentissage de la langue arabe\",\"isPartOf\":{\"@id\":\"https:\/\/moumtaaz.com\/#website\"},\"primaryImageOfPage\":{\"@id\":\"https:\/\/moumtaaz.com\/boutique\/tableau-magnetique-apprentissage-langue-arabe\/#primaryimage\"},\"image\":{\"@id\":\"https:\/\/moumtaaz.com\/boutique\/tableau-magnetique-apprentissage-langue-arabe\/#primaryimage\"},\"thumbnailUrl\":\"https:\/\/moumtaaz.com\/wp-content\/uploads\/2023\/08\/apprendre-arabe-enfants-tableau-magnetique-11.jpg\",\"datePublished\":\"2023-07-03T14:22:03+00:00\",\"dateModified\":\"2025-10-08T14:26:23+00:00\",\"description\":\"M\u00e9moriser les chiffres et lettres arabes | Ecrire ses premiers mots | Apprendre \u00e0 compter avec notre tableau magn\u00e9tique | 179 lettres et chiffres aimant\u00e9s.\",\"breadcrumb\":{\"@id\":\"https:\/\/moumtaaz.com\/boutique\/tableau-magnetique-apprentissage-langue-arabe\/#breadcrumb\"},\"inLanguage\":\"en-US\",\"potentialAction\":[{\"@type\":\"ReadAction\",\"target\":[\"https:\/\/moumtaaz.com\/boutique\/tableau-magnetique-apprentissage-langue-arabe\/\"]}]},{\"@type\":\"ImageObject\",\"inLanguage\":\"en-US\",\"@id\":\"https:\/\/moumtaaz.com\/boutique\/tableau-magnetique-apprentissage-langue-arabe\/#primaryimage\",\"url\":\"https:\/\/moumtaaz.com\/wp-content\/uploads\/2023\/08\/apprendre-arabe-enfants-tableau-magnetique-11.jpg\",\"contentUrl\":\"https:\/\/moumtaaz.com\/wp-content\/uploads\/2023\/08\/apprendre-arabe-enfants-tableau-magnetique-11.jpg\",\"width\":1000,\"height\":650,\"caption\":\"Apprendre l'arabe pour les enfants avec le tableau magn\u00e9tique Moumtaaz\"},{\"@type\":\"BreadcrumbList\",\"@id\":\"https:\/\/moumtaaz.com\/boutique\/tableau-magnetique-apprentissage-langue-arabe\/#breadcrumb\",\"itemListElement\":[{\"@type\":\"ListItem\",\"position\":1,\"name\":\"Accueil\",\"item\":\"https:\/\/moumtaaz.com\/\"},{\"@type\":\"ListItem\",\"position\":2,\"name\":\"Boutique\",\"item\":\"https:\/\/moumtaaz.com\/boutique\/\"},{\"@type\":\"ListItem\",\"position\":3,\"name\":\"Tableau magn\u00e9tique d&rsquo;apprentissage de la langue arabe\"}]},{\"@type\":\"WebSite\",\"@id\":\"https:\/\/moumtaaz.com\/#website\",\"url\":\"https:\/\/moumtaaz.com\/\",\"name\":\"Moumtaaz\",\"description\":\"Apprendre l&#039;arabe pour les enfants en s&#039;amusant avec le jeu \u00e9ducatif Moumtaaz\",\"publisher\":{\"@id\":\"https:\/\/moumtaaz.com\/#organization\"},\"potentialAction\":[{\"@type\":\"SearchAction\",\"target\":{\"@type\":\"EntryPoint\",\"urlTemplate\":\"https:\/\/moumtaaz.com\/?s={search_term_string}\"},\"query-input\":{\"@type\":\"PropertyValueSpecification\",\"valueRequired\":true,\"valueName\":\"search_term_string\"}}],\"inLanguage\":\"en-US\"},{\"@type\":\"Organization\",\"@id\":\"https:\/\/moumtaaz.com\/#organization\",\"name\":\"Moumtaaz\",\"url\":\"https:\/\/moumtaaz.com\/\",\"logo\":{\"@type\":\"ImageObject\",\"inLanguage\":\"en-US\",\"@id\":\"https:\/\/moumtaaz.com\/#\/schema\/logo\/image\/\",\"url\":\"https:\/\/moumtaaz.com\/wp-content\/uploads\/2023\/06\/logo-moumtaz-1.png\",\"contentUrl\":\"https:\/\/moumtaaz.com\/wp-content\/uploads\/2023\/06\/logo-moumtaz-1.png\",\"width\":193,\"height\":63,\"caption\":\"Moumtaaz\"},\"image\":{\"@id\":\"https:\/\/moumtaaz.com\/#\/schema\/logo\/image\/\"}}]}<\/script>\n<!-- \/ Yoast SEO plugin. -->","yoast_head_json":{"title":"Tableau magn\u00e9tique d'apprentissage de la langue arabe","description":"M\u00e9moriser les chiffres et lettres arabes | Ecrire ses premiers mots | Apprendre \u00e0 compter avec notre tableau magn\u00e9tique | 179 lettres et chiffres aimant\u00e9s.","robots":{"index":"index","follow":"follow","max-snippet":"max-snippet:-1","max-image-preview":"max-image-preview:large","max-video-preview":"max-video-preview:-1"},"canonical":"https:\/\/moumtaaz.com\/en\/boutique\/tableau-magnetique-apprentissage-langue-arabe\/","og_locale":"en_US","og_type":"article","og_title":"Tableau magn\u00e9tique d'apprentissage de la langue arabe","og_description":"M\u00e9moriser les chiffres et lettres arabes | Ecrire ses premiers mots | Apprendre \u00e0 compter avec notre tableau magn\u00e9tique | 179 lettres et chiffres aimant\u00e9s.","og_url":"https:\/\/moumtaaz.com\/en\/boutique\/tableau-magnetique-apprentissage-langue-arabe\/","og_site_name":"Moumtaaz","article_modified_time":"2025-10-08T14:26:23+00:00","og_image":[{"width":1000,"height":650,"url":"https:\/\/moumtaaz.com\/wp-content\/uploads\/2023\/08\/apprendre-arabe-enfants-tableau-magnetique-11.jpg","type":"image\/jpeg"}],"twitter_card":"summary_large_image","twitter_misc":{"Est. reading time":"1 minute"},"schema":{"@context":"https:\/\/schema.org","@graph":[{"@type":"WebPage","@id":"https:\/\/moumtaaz.com\/boutique\/tableau-magnetique-apprentissage-langue-arabe\/","url":"https:\/\/moumtaaz.com\/boutique\/tableau-magnetique-apprentissage-langue-arabe\/","name":"Tableau magn\u00e9tique d'apprentissage de la langue arabe","isPartOf":{"@id":"https:\/\/moumtaaz.com\/#website"},"primaryImageOfPage":{"@id":"https:\/\/moumtaaz.com\/boutique\/tableau-magnetique-apprentissage-langue-arabe\/#primaryimage"},"image":{"@id":"https:\/\/moumtaaz.com\/boutique\/tableau-magnetique-apprentissage-langue-arabe\/#primaryimage"},"thumbnailUrl":"https:\/\/moumtaaz.com\/wp-content\/uploads\/2023\/08\/apprendre-arabe-enfants-tableau-magnetique-11.jpg","datePublished":"2023-07-03T14:22:03+00:00","dateModified":"2025-10-08T14:26:23+00:00","description":"M\u00e9moriser les chiffres et lettres arabes | Ecrire ses premiers mots | Apprendre \u00e0 compter avec notre tableau magn\u00e9tique | 179 lettres et chiffres aimant\u00e9s.","breadcrumb":{"@id":"https:\/\/moumtaaz.com\/boutique\/tableau-magnetique-apprentissage-langue-arabe\/#breadcrumb"},"inLanguage":"en-US","potentialAction":[{"@type":"ReadAction","target":["https:\/\/moumtaaz.com\/boutique\/tableau-magnetique-apprentissage-langue-arabe\/"]}]},{"@type":"ImageObject","inLanguage":"en-US","@id":"https:\/\/moumtaaz.com\/boutique\/tableau-magnetique-apprentissage-langue-arabe\/#primaryimage","url":"https:\/\/moumtaaz.com\/wp-content\/uploads\/2023\/08\/apprendre-arabe-enfants-tableau-magnetique-11.jpg","contentUrl":"https:\/\/moumtaaz.com\/wp-content\/uploads\/2023\/08\/apprendre-arabe-enfants-tableau-magnetique-11.jpg","width":1000,"height":650,"caption":"Apprendre l'arabe pour les enfants avec le tableau magn\u00e9tique Moumtaaz"},{"@type":"BreadcrumbList","@id":"https:\/\/moumtaaz.com\/boutique\/tableau-magnetique-apprentissage-langue-arabe\/#breadcrumb","itemListElement":[{"@type":"ListItem","position":1,"name":"Accueil","item":"https:\/\/moumtaaz.com\/"},{"@type":"ListItem","position":2,"name":"Boutique","item":"https:\/\/moumtaaz.com\/boutique\/"},{"@type":"ListItem","position":3,"name":"Tableau magn\u00e9tique d&rsquo;apprentissage de la langue arabe"}]},{"@type":"WebSite","@id":"https:\/\/moumtaaz.com\/#website","url":"https:\/\/moumtaaz.com\/","name":"Moumtaaz","description":"Apprendre l&#039;arabe pour les enfants en s&#039;amusant avec le jeu \u00e9ducatif Moumtaaz","publisher":{"@id":"https:\/\/moumtaaz.com\/#organization"},"potentialAction":[{"@type":"SearchAction","target":{"@type":"EntryPoint","urlTemplate":"https:\/\/moumtaaz.com\/?s={search_term_string}"},"query-input":{"@type":"PropertyValueSpecification","valueRequired":true,"valueName":"search_term_string"}}],"inLanguage":"en-US"},{"@type":"Organization","@id":"https:\/\/moumtaaz.com\/#organization","name":"Moumtaaz","url":"https:\/\/moumtaaz.com\/","logo":{"@type":"ImageObject","inLanguage":"en-US","@id":"https:\/\/moumtaaz.com\/#\/schema\/logo\/image\/","url":"https:\/\/moumtaaz.com\/wp-content\/uploads\/2023\/06\/logo-moumtaz-1.png","contentUrl":"https:\/\/moumtaaz.com\/wp-content\/uploads\/2023\/06\/logo-moumtaz-1.png","width":193,"height":63,"caption":"Moumtaaz"},"image":{"@id":"https:\/\/moumtaaz.com\/#\/schema\/logo\/image\/"}}]}},"_links":{"self":[{"href":"https:\/\/moumtaaz.com\/en\/wp-json\/wp\/v2\/product\/261","targetHints":{"allow":["GET"]}}],"collection":[{"href":"https:\/\/moumtaaz.com\/en\/wp-json\/wp\/v2\/product"}],"about":[{"href":"https:\/\/moumtaaz.com\/en\/wp-json\/wp\/v2\/types\/product"}],"replies":[{"embeddable":true,"href":"https:\/\/moumtaaz.com\/en\/wp-json\/wp\/v2\/comments?post=261"}],"wp:featuredmedia":[{"embeddable":true,"href":"https:\/\/moumtaaz.com\/en\/wp-json\/wp\/v2\/media\/535"}],"wp:attachment":[{"href":"https:\/\/moumtaaz.com\/en\/wp-json\/wp\/v2\/media?parent=261"}],"wp:term":[{"taxonomy":"product_brand","embeddable":true,"href":"https:\/\/moumtaaz.com\/en\/wp-json\/wp\/v2\/product_brand?post=261"},{"taxonomy":"product_cat","embeddable":true,"href":"https:\/\/moumtaaz.com\/en\/wp-json\/wp\/v2\/product_cat?post=261"},{"taxonomy":"product_tag","embeddable":true,"href":"https:\/\/moumtaaz.com\/en\/wp-json\/wp\/v2\/product_tag?post=261"}],"curies":[{"name":"wp","href":"https:\/\/api.w.org\/{rel}","templated":true}]}}