{"id":316,"date":"2023-07-04T08:28:46","date_gmt":"2023-07-04T08:28:46","guid":{"rendered":"https:\/\/moumtaaz.com\/?post_type=product&#038;p=316"},"modified":"2025-05-14T11:29:09","modified_gmt":"2025-05-14T11:29:09","slug":"imagier-arabe-legumes","status":"publish","type":"product","link":"https:\/\/moumtaaz.com\/en\/boutique\/imagier-arabe-legumes\/","title":{"rendered":"Arabic Picture Dictionary .pdf - Learn Vegetable Vocabulary"},"content":{"rendered":"<p>Moumtaaz, apprendre l&rsquo;arabe en s&rsquo;amusant !<\/p>\n<p>Apprenez les diff\u00e9rents <strong>l\u00e9gumes\u00a0<\/strong>\u00e0 travers cet imagier design et color\u00e9 <strong>au format .pdf<\/strong><\/p>\n<p>18 mots en arabe illustr\u00e9s, traduits en fran\u00e7ais et en anglais pour vous exercer \u00e0 la pratique de la langue arabe et enrichir son vocabulaire. De l&rsquo;oignon, \u00e0 la tomate, en passant par les haricots verts, les l\u00e9gumes n&rsquo;auront plus de secret pour votre enfant.<\/p>\n<p>Visualisez directement votre imagier en .pdf sur ordinateur, tablette ou mobile en version .pdf, ou imprimer les diff\u00e9rentes cartes que vous pourrai plastifier.<\/p>","protected":false},"excerpt":{"rendered":"<p>Moumtaaz, apprendre l&rsquo;arabe en s&rsquo;amusant ! Apprenez les diff\u00e9rents l\u00e9gumes\u00a0\u00e0 travers cet imagier design et color\u00e9 au format .pdf 18 mots en arabe illustr\u00e9s, traduits en fran\u00e7ais et en anglais pour vous exercer \u00e0 la pratique de la langue arabe et enrichir son vocabulaire. De l&rsquo;oignon, \u00e0 la tomate, en passant par les haricots verts, [&hellip;]<\/p>","protected":false},"featured_media":173,"comment_status":"open","ping_status":"closed","template":"","meta":{"site-sidebar-layout":"default","site-content-layout":"default","ast-site-content-layout":"default","site-content-style":"default","site-sidebar-style":"default","ast-global-header-display":"","ast-banner-title-visibility":"","ast-main-header-display":"","ast-hfb-above-header-display":"","ast-hfb-below-header-display":"","ast-hfb-mobile-header-display":"","site-post-title":"","ast-breadcrumbs-content":"","ast-featured-img":"","footer-sml-layout":"","theme-transparent-header-meta":"default","adv-header-id-meta":"","stick-header-meta":"","header-above-stick-meta":"","header-main-stick-meta":"","header-below-stick-meta":"","astra-migrate-meta-layouts":"set","ast-page-background-enabled":"default","ast-page-background-meta":{"desktop":{"background-color":"var(--ast-global-color-4)","background-image":"","background-repeat":"repeat","background-position":"center center","background-size":"auto","background-attachment":"scroll","background-type":"","background-media":"","overlay-type":"","overlay-color":"","overlay-opacity":"","overlay-gradient":""},"tablet":{"background-color":"","background-image":"","background-repeat":"repeat","background-position":"center center","background-size":"auto","background-attachment":"scroll","background-type":"","background-media":"","overlay-type":"","overlay-color":"","overlay-opacity":"","overlay-gradient":""},"mobile":{"background-color":"","background-image":"","background-repeat":"repeat","background-position":"center center","background-size":"auto","background-attachment":"scroll","background-type":"","background-media":"","overlay-type":"","overlay-color":"","overlay-opacity":"","overlay-gradient":""}},"ast-content-background-meta":{"desktop":{"background-color":"var(--ast-global-color-5)","background-image":"","background-repeat":"repeat","background-position":"center center","background-size":"auto","background-attachment":"scroll","background-type":"","background-media":"","overlay-type":"","overlay-color":"","overlay-opacity":"","overlay-gradient":""},"tablet":{"background-color":"var(--ast-global-color-5)","background-image":"","background-repeat":"repeat","background-position":"center center","background-size":"auto","background-attachment":"scroll","background-type":"","background-media":"","overlay-type":"","overlay-color":"","overlay-opacity":"","overlay-gradient":""},"mobile":{"background-color":"var(--ast-global-color-5)","background-image":"","background-repeat":"repeat","background-position":"center center","background-size":"auto","background-attachment":"scroll","background-type":"","background-media":"","overlay-type":"","overlay-color":"","overlay-opacity":"","overlay-gradient":""}}},"product_brand":[],"product_cat":[25],"product_tag":[20,26,28],"class_list":{"0":"post-316","1":"product","2":"type-product","3":"status-publish","4":"has-post-thumbnail","6":"product_cat-imagiers","7":"product_tag-arabe","8":"product_tag-imagier","9":"product_tag-legumes","10":"desktop-align-left","11":"tablet-align-left","12":"mobile-align-left","14":"first","15":"instock","16":"downloadable","17":"virtual","18":"purchasable","19":"product-type-simple"},"yoast_head":"<!-- This site is optimized with the Yoast SEO plugin v26.4 - https:\/\/yoast.com\/wordpress\/plugins\/seo\/ -->\n<title>Imagier arabe .pdf - Apprendre les l\u00e9gumes - Moumtaaz<\/title>\n<meta name=\"robots\" content=\"index, follow, max-snippet:-1, max-image-preview:large, max-video-preview:-1\" \/>\n<link rel=\"canonical\" href=\"https:\/\/moumtaaz.com\/en\/boutique\/imagier-arabe-legumes\/\" \/>\n<meta property=\"og:locale\" content=\"en_US\" \/>\n<meta property=\"og:type\" content=\"article\" \/>\n<meta property=\"og:title\" content=\"Imagier arabe .pdf - Apprendre les l\u00e9gumes - Moumtaaz\" \/>\n<meta property=\"og:description\" content=\"Moumtaaz, apprendre l&rsquo;arabe en s&rsquo;amusant ! Apprenez les diff\u00e9rents l\u00e9gumes\u00a0\u00e0 travers cet imagier design et color\u00e9 au format .pdf 18 mots en arabe illustr\u00e9s, traduits en fran\u00e7ais et en anglais pour vous exercer \u00e0 la pratique de la langue arabe et enrichir son vocabulaire. De l&rsquo;oignon, \u00e0 la tomate, en passant par les haricots verts, [&hellip;]\" \/>\n<meta property=\"og:url\" content=\"https:\/\/moumtaaz.com\/en\/boutique\/imagier-arabe-legumes\/\" \/>\n<meta property=\"og:site_name\" content=\"Moumtaaz\" \/>\n<meta property=\"article:modified_time\" content=\"2025-05-14T11:29:09+00:00\" \/>\n<meta property=\"og:image\" content=\"https:\/\/moumtaaz.com\/wp-content\/uploads\/2023\/06\/Imagier-arabe-legumes-1-1-1.jpg\" \/>\n\t<meta property=\"og:image:width\" content=\"619\" \/>\n\t<meta property=\"og:image:height\" content=\"595\" \/>\n\t<meta property=\"og:image:type\" content=\"image\/jpeg\" \/>\n<meta name=\"twitter:card\" content=\"summary_large_image\" \/>\n<meta name=\"twitter:label1\" content=\"Est. reading time\" \/>\n\t<meta name=\"twitter:data1\" content=\"1 minute\" \/>\n<script type=\"application\/ld+json\" class=\"yoast-schema-graph\">{\"@context\":\"https:\/\/schema.org\",\"@graph\":[{\"@type\":\"WebPage\",\"@id\":\"https:\/\/moumtaaz.com\/boutique\/imagier-arabe-legumes\/\",\"url\":\"https:\/\/moumtaaz.com\/boutique\/imagier-arabe-legumes\/\",\"name\":\"Imagier arabe .pdf - Apprendre les l\u00e9gumes - Moumtaaz\",\"isPartOf\":{\"@id\":\"https:\/\/moumtaaz.com\/#website\"},\"primaryImageOfPage\":{\"@id\":\"https:\/\/moumtaaz.com\/boutique\/imagier-arabe-legumes\/#primaryimage\"},\"image\":{\"@id\":\"https:\/\/moumtaaz.com\/boutique\/imagier-arabe-legumes\/#primaryimage\"},\"thumbnailUrl\":\"https:\/\/moumtaaz.com\/wp-content\/uploads\/2023\/06\/Imagier-arabe-legumes-1-1-1.jpg\",\"datePublished\":\"2023-07-04T08:28:46+00:00\",\"dateModified\":\"2025-05-14T11:29:09+00:00\",\"breadcrumb\":{\"@id\":\"https:\/\/moumtaaz.com\/boutique\/imagier-arabe-legumes\/#breadcrumb\"},\"inLanguage\":\"en-US\",\"potentialAction\":[{\"@type\":\"ReadAction\",\"target\":[\"https:\/\/moumtaaz.com\/boutique\/imagier-arabe-legumes\/\"]}]},{\"@type\":\"ImageObject\",\"inLanguage\":\"en-US\",\"@id\":\"https:\/\/moumtaaz.com\/boutique\/imagier-arabe-legumes\/#primaryimage\",\"url\":\"https:\/\/moumtaaz.com\/wp-content\/uploads\/2023\/06\/Imagier-arabe-legumes-1-1-1.jpg\",\"contentUrl\":\"https:\/\/moumtaaz.com\/wp-content\/uploads\/2023\/06\/Imagier-arabe-legumes-1-1-1.jpg\",\"width\":619,\"height\":595,\"caption\":\"Imagier arabe L\u00e9gumes .pdf Apprendre le vocabulaire des l\u00e9gumes\"},{\"@type\":\"BreadcrumbList\",\"@id\":\"https:\/\/moumtaaz.com\/boutique\/imagier-arabe-legumes\/#breadcrumb\",\"itemListElement\":[{\"@type\":\"ListItem\",\"position\":1,\"name\":\"Accueil\",\"item\":\"https:\/\/moumtaaz.com\/\"},{\"@type\":\"ListItem\",\"position\":2,\"name\":\"Boutique\",\"item\":\"https:\/\/moumtaaz.com\/boutique\/\"},{\"@type\":\"ListItem\",\"position\":3,\"name\":\"Imagier arabe .pdf &#8211; Apprendre les l\u00e9gumes\"}]},{\"@type\":\"WebSite\",\"@id\":\"https:\/\/moumtaaz.com\/#website\",\"url\":\"https:\/\/moumtaaz.com\/\",\"name\":\"Moumtaaz\",\"description\":\"Apprendre l&#039;arabe pour les enfants en s&#039;amusant avec le jeu \u00e9ducatif Moumtaaz\",\"publisher\":{\"@id\":\"https:\/\/moumtaaz.com\/#organization\"},\"potentialAction\":[{\"@type\":\"SearchAction\",\"target\":{\"@type\":\"EntryPoint\",\"urlTemplate\":\"https:\/\/moumtaaz.com\/?s={search_term_string}\"},\"query-input\":{\"@type\":\"PropertyValueSpecification\",\"valueRequired\":true,\"valueName\":\"search_term_string\"}}],\"inLanguage\":\"en-US\"},{\"@type\":\"Organization\",\"@id\":\"https:\/\/moumtaaz.com\/#organization\",\"name\":\"Moumtaaz\",\"url\":\"https:\/\/moumtaaz.com\/\",\"logo\":{\"@type\":\"ImageObject\",\"inLanguage\":\"en-US\",\"@id\":\"https:\/\/moumtaaz.com\/#\/schema\/logo\/image\/\",\"url\":\"https:\/\/moumtaaz.com\/wp-content\/uploads\/2023\/06\/logo-moumtaz-1.png\",\"contentUrl\":\"https:\/\/moumtaaz.com\/wp-content\/uploads\/2023\/06\/logo-moumtaz-1.png\",\"width\":193,\"height\":63,\"caption\":\"Moumtaaz\"},\"image\":{\"@id\":\"https:\/\/moumtaaz.com\/#\/schema\/logo\/image\/\"}}]}<\/script>\n<!-- \/ Yoast SEO plugin. -->","yoast_head_json":{"title":"Imagier arabe .pdf - Apprendre les l\u00e9gumes - Moumtaaz","robots":{"index":"index","follow":"follow","max-snippet":"max-snippet:-1","max-image-preview":"max-image-preview:large","max-video-preview":"max-video-preview:-1"},"canonical":"https:\/\/moumtaaz.com\/en\/boutique\/imagier-arabe-legumes\/","og_locale":"en_US","og_type":"article","og_title":"Imagier arabe .pdf - Apprendre les l\u00e9gumes - Moumtaaz","og_description":"Moumtaaz, apprendre l&rsquo;arabe en s&rsquo;amusant ! Apprenez les diff\u00e9rents l\u00e9gumes\u00a0\u00e0 travers cet imagier design et color\u00e9 au format .pdf 18 mots en arabe illustr\u00e9s, traduits en fran\u00e7ais et en anglais pour vous exercer \u00e0 la pratique de la langue arabe et enrichir son vocabulaire. De l&rsquo;oignon, \u00e0 la tomate, en passant par les haricots verts, [&hellip;]","og_url":"https:\/\/moumtaaz.com\/en\/boutique\/imagier-arabe-legumes\/","og_site_name":"Moumtaaz","article_modified_time":"2025-05-14T11:29:09+00:00","og_image":[{"width":619,"height":595,"url":"https:\/\/moumtaaz.com\/wp-content\/uploads\/2023\/06\/Imagier-arabe-legumes-1-1-1.jpg","type":"image\/jpeg"}],"twitter_card":"summary_large_image","twitter_misc":{"Est. reading time":"1 minute"},"schema":{"@context":"https:\/\/schema.org","@graph":[{"@type":"WebPage","@id":"https:\/\/moumtaaz.com\/boutique\/imagier-arabe-legumes\/","url":"https:\/\/moumtaaz.com\/boutique\/imagier-arabe-legumes\/","name":"Imagier arabe .pdf - Apprendre les l\u00e9gumes - Moumtaaz","isPartOf":{"@id":"https:\/\/moumtaaz.com\/#website"},"primaryImageOfPage":{"@id":"https:\/\/moumtaaz.com\/boutique\/imagier-arabe-legumes\/#primaryimage"},"image":{"@id":"https:\/\/moumtaaz.com\/boutique\/imagier-arabe-legumes\/#primaryimage"},"thumbnailUrl":"https:\/\/moumtaaz.com\/wp-content\/uploads\/2023\/06\/Imagier-arabe-legumes-1-1-1.jpg","datePublished":"2023-07-04T08:28:46+00:00","dateModified":"2025-05-14T11:29:09+00:00","breadcrumb":{"@id":"https:\/\/moumtaaz.com\/boutique\/imagier-arabe-legumes\/#breadcrumb"},"inLanguage":"en-US","potentialAction":[{"@type":"ReadAction","target":["https:\/\/moumtaaz.com\/boutique\/imagier-arabe-legumes\/"]}]},{"@type":"ImageObject","inLanguage":"en-US","@id":"https:\/\/moumtaaz.com\/boutique\/imagier-arabe-legumes\/#primaryimage","url":"https:\/\/moumtaaz.com\/wp-content\/uploads\/2023\/06\/Imagier-arabe-legumes-1-1-1.jpg","contentUrl":"https:\/\/moumtaaz.com\/wp-content\/uploads\/2023\/06\/Imagier-arabe-legumes-1-1-1.jpg","width":619,"height":595,"caption":"Imagier arabe L\u00e9gumes .pdf Apprendre le vocabulaire des l\u00e9gumes"},{"@type":"BreadcrumbList","@id":"https:\/\/moumtaaz.com\/boutique\/imagier-arabe-legumes\/#breadcrumb","itemListElement":[{"@type":"ListItem","position":1,"name":"Accueil","item":"https:\/\/moumtaaz.com\/"},{"@type":"ListItem","position":2,"name":"Boutique","item":"https:\/\/moumtaaz.com\/boutique\/"},{"@type":"ListItem","position":3,"name":"Imagier arabe .pdf &#8211; Apprendre les l\u00e9gumes"}]},{"@type":"WebSite","@id":"https:\/\/moumtaaz.com\/#website","url":"https:\/\/moumtaaz.com\/","name":"Moumtaaz","description":"Apprendre l&#039;arabe pour les enfants en s&#039;amusant avec le jeu \u00e9ducatif Moumtaaz","publisher":{"@id":"https:\/\/moumtaaz.com\/#organization"},"potentialAction":[{"@type":"SearchAction","target":{"@type":"EntryPoint","urlTemplate":"https:\/\/moumtaaz.com\/?s={search_term_string}"},"query-input":{"@type":"PropertyValueSpecification","valueRequired":true,"valueName":"search_term_string"}}],"inLanguage":"en-US"},{"@type":"Organization","@id":"https:\/\/moumtaaz.com\/#organization","name":"Moumtaaz","url":"https:\/\/moumtaaz.com\/","logo":{"@type":"ImageObject","inLanguage":"en-US","@id":"https:\/\/moumtaaz.com\/#\/schema\/logo\/image\/","url":"https:\/\/moumtaaz.com\/wp-content\/uploads\/2023\/06\/logo-moumtaz-1.png","contentUrl":"https:\/\/moumtaaz.com\/wp-content\/uploads\/2023\/06\/logo-moumtaz-1.png","width":193,"height":63,"caption":"Moumtaaz"},"image":{"@id":"https:\/\/moumtaaz.com\/#\/schema\/logo\/image\/"}}]}},"_links":{"self":[{"href":"https:\/\/moumtaaz.com\/en\/wp-json\/wp\/v2\/product\/316","targetHints":{"allow":["GET"]}}],"collection":[{"href":"https:\/\/moumtaaz.com\/en\/wp-json\/wp\/v2\/product"}],"about":[{"href":"https:\/\/moumtaaz.com\/en\/wp-json\/wp\/v2\/types\/product"}],"replies":[{"embeddable":true,"href":"https:\/\/moumtaaz.com\/en\/wp-json\/wp\/v2\/comments?post=316"}],"wp:featuredmedia":[{"embeddable":true,"href":"https:\/\/moumtaaz.com\/en\/wp-json\/wp\/v2\/media\/173"}],"wp:attachment":[{"href":"https:\/\/moumtaaz.com\/en\/wp-json\/wp\/v2\/media?parent=316"}],"wp:term":[{"taxonomy":"product_brand","embeddable":true,"href":"https:\/\/moumtaaz.com\/en\/wp-json\/wp\/v2\/product_brand?post=316"},{"taxonomy":"product_cat","embeddable":true,"href":"https:\/\/moumtaaz.com\/en\/wp-json\/wp\/v2\/product_cat?post=316"},{"taxonomy":"product_tag","embeddable":true,"href":"https:\/\/moumtaaz.com\/en\/wp-json\/wp\/v2\/product_tag?post=316"}],"curies":[{"name":"wp","href":"https:\/\/api.w.org\/{rel}","templated":true}]}}