{"id":498,"date":"2023-07-12T14:00:39","date_gmt":"2023-07-12T14:00:39","guid":{"rendered":"https:\/\/moumtaaz.com\/?post_type=product&#038;p=498"},"modified":"2025-05-14T11:27:29","modified_gmt":"2025-05-14T11:27:29","slug":"imagier-arabe-apprendre-corps-humain","status":"publish","type":"product","link":"https:\/\/moumtaaz.com\/en\/boutique\/imagier-arabe-apprendre-corps-humain\/","title":{"rendered":"Arabic Picture Dictionary .pdf - Learn Human Body Vocabulary"},"content":{"rendered":"<p>Moumtaaz, apprendre l&rsquo;arabe en s&rsquo;amusant !<\/p>\n<p>Apprenez les diff\u00e9rents membres du <strong>corps humain<\/strong> \u00e0 travers cet imagier design et color\u00e9 <strong>au format .pdf<\/strong><\/p>\n<p><strong style=\"font-size: 16px;\">20 mots en arabe illustr\u00e9s, traduits en fran\u00e7ais et en anglais<\/strong><span style=\"font-size: 16px;\"> pour vous exercer \u00e0 la pratique de la langue arabe et enrichir son vocabulaire. De la t\u00eate aux pieds, le corps humain n&rsquo;aura plus de secret pour votre enfant.<\/span><\/p>\n<p>Visualisez directement votre imagier en .pdf sur ordinateur, tablette ou mobile en version .pdf, ou imprimez les diff\u00e9rentes cartes que vous pourrez plastifier pour jouer simplement de mani\u00e8re ludique.<\/p>","protected":false},"excerpt":{"rendered":"<p>Moumtaaz, apprendre l&rsquo;arabe en s&rsquo;amusant ! Apprenez les diff\u00e9rents membres du corps humain \u00e0 travers cet imagier design et color\u00e9 au format .pdf 20 mots en arabe illustr\u00e9s, traduits en fran\u00e7ais et en anglais pour vous exercer \u00e0 la pratique de la langue arabe et enrichir son vocabulaire. De la t\u00eate aux pieds, le corps [&hellip;]<\/p>","protected":false},"featured_media":499,"comment_status":"open","ping_status":"closed","template":"","meta":{"site-sidebar-layout":"default","site-content-layout":"default","ast-site-content-layout":"default","site-content-style":"default","site-sidebar-style":"default","ast-global-header-display":"","ast-banner-title-visibility":"","ast-main-header-display":"","ast-hfb-above-header-display":"","ast-hfb-below-header-display":"","ast-hfb-mobile-header-display":"","site-post-title":"","ast-breadcrumbs-content":"","ast-featured-img":"","footer-sml-layout":"","theme-transparent-header-meta":"default","adv-header-id-meta":"","stick-header-meta":"","header-above-stick-meta":"","header-main-stick-meta":"","header-below-stick-meta":"","astra-migrate-meta-layouts":"set","ast-page-background-enabled":"default","ast-page-background-meta":{"desktop":{"background-color":"var(--ast-global-color-4)","background-image":"","background-repeat":"repeat","background-position":"center center","background-size":"auto","background-attachment":"scroll","background-type":"","background-media":"","overlay-type":"","overlay-color":"","overlay-opacity":"","overlay-gradient":""},"tablet":{"background-color":"","background-image":"","background-repeat":"repeat","background-position":"center center","background-size":"auto","background-attachment":"scroll","background-type":"","background-media":"","overlay-type":"","overlay-color":"","overlay-opacity":"","overlay-gradient":""},"mobile":{"background-color":"","background-image":"","background-repeat":"repeat","background-position":"center center","background-size":"auto","background-attachment":"scroll","background-type":"","background-media":"","overlay-type":"","overlay-color":"","overlay-opacity":"","overlay-gradient":""}},"ast-content-background-meta":{"desktop":{"background-color":"var(--ast-global-color-5)","background-image":"","background-repeat":"repeat","background-position":"center center","background-size":"auto","background-attachment":"scroll","background-type":"","background-media":"","overlay-type":"","overlay-color":"","overlay-opacity":"","overlay-gradient":""},"tablet":{"background-color":"var(--ast-global-color-5)","background-image":"","background-repeat":"repeat","background-position":"center center","background-size":"auto","background-attachment":"scroll","background-type":"","background-media":"","overlay-type":"","overlay-color":"","overlay-opacity":"","overlay-gradient":""},"mobile":{"background-color":"var(--ast-global-color-5)","background-image":"","background-repeat":"repeat","background-position":"center center","background-size":"auto","background-attachment":"scroll","background-type":"","background-media":"","overlay-type":"","overlay-color":"","overlay-opacity":"","overlay-gradient":""}}},"product_brand":[],"product_cat":[25],"product_tag":[20,34,35,26],"class_list":{"0":"post-498","1":"product","2":"type-product","3":"status-publish","4":"has-post-thumbnail","6":"product_cat-imagiers","7":"product_tag-arabe","8":"product_tag-corps","9":"product_tag-humain","10":"product_tag-imagier","11":"desktop-align-left","12":"tablet-align-left","13":"mobile-align-left","15":"first","16":"instock","17":"downloadable","18":"virtual","19":"purchasable","20":"product-type-simple"},"yoast_head":"<!-- This site is optimized with the Yoast SEO plugin v26.4 - https:\/\/yoast.com\/wordpress\/plugins\/seo\/ -->\n<title>Imagier arabe .pdf - Apprendre les parties du corps humain - Moumtaaz<\/title>\n<meta name=\"robots\" content=\"index, follow, max-snippet:-1, max-image-preview:large, max-video-preview:-1\" \/>\n<link rel=\"canonical\" href=\"https:\/\/moumtaaz.com\/en\/boutique\/imagier-arabe-apprendre-corps-humain\/\" \/>\n<meta property=\"og:locale\" content=\"en_US\" \/>\n<meta property=\"og:type\" content=\"article\" \/>\n<meta property=\"og:title\" content=\"Imagier arabe .pdf - Apprendre les parties du corps humain - Moumtaaz\" \/>\n<meta property=\"og:description\" content=\"Moumtaaz, apprendre l&rsquo;arabe en s&rsquo;amusant ! Apprenez les diff\u00e9rents membres du corps humain \u00e0 travers cet imagier design et color\u00e9 au format .pdf 20 mots en arabe illustr\u00e9s, traduits en fran\u00e7ais et en anglais pour vous exercer \u00e0 la pratique de la langue arabe et enrichir son vocabulaire. De la t\u00eate aux pieds, le corps [&hellip;]\" \/>\n<meta property=\"og:url\" content=\"https:\/\/moumtaaz.com\/en\/boutique\/imagier-arabe-apprendre-corps-humain\/\" \/>\n<meta property=\"og:site_name\" content=\"Moumtaaz\" \/>\n<meta property=\"article:modified_time\" content=\"2025-05-14T11:27:29+00:00\" \/>\n<meta property=\"og:image\" content=\"https:\/\/moumtaaz.com\/wp-content\/uploads\/2023\/07\/Imagier-arabe-corps-humain.png\" \/>\n\t<meta property=\"og:image:width\" content=\"619\" \/>\n\t<meta property=\"og:image:height\" content=\"595\" \/>\n\t<meta property=\"og:image:type\" content=\"image\/png\" \/>\n<meta name=\"twitter:card\" content=\"summary_large_image\" \/>\n<meta name=\"twitter:label1\" content=\"Est. reading time\" \/>\n\t<meta name=\"twitter:data1\" content=\"1 minute\" \/>\n<script type=\"application\/ld+json\" class=\"yoast-schema-graph\">{\"@context\":\"https:\/\/schema.org\",\"@graph\":[{\"@type\":\"WebPage\",\"@id\":\"https:\/\/moumtaaz.com\/boutique\/imagier-arabe-apprendre-corps-humain\/\",\"url\":\"https:\/\/moumtaaz.com\/boutique\/imagier-arabe-apprendre-corps-humain\/\",\"name\":\"Imagier arabe .pdf - Apprendre les parties du corps humain - Moumtaaz\",\"isPartOf\":{\"@id\":\"https:\/\/moumtaaz.com\/#website\"},\"primaryImageOfPage\":{\"@id\":\"https:\/\/moumtaaz.com\/boutique\/imagier-arabe-apprendre-corps-humain\/#primaryimage\"},\"image\":{\"@id\":\"https:\/\/moumtaaz.com\/boutique\/imagier-arabe-apprendre-corps-humain\/#primaryimage\"},\"thumbnailUrl\":\"https:\/\/moumtaaz.com\/wp-content\/uploads\/2023\/07\/Imagier-arabe-corps-humain.png\",\"datePublished\":\"2023-07-12T14:00:39+00:00\",\"dateModified\":\"2025-05-14T11:27:29+00:00\",\"breadcrumb\":{\"@id\":\"https:\/\/moumtaaz.com\/boutique\/imagier-arabe-apprendre-corps-humain\/#breadcrumb\"},\"inLanguage\":\"en-US\",\"potentialAction\":[{\"@type\":\"ReadAction\",\"target\":[\"https:\/\/moumtaaz.com\/boutique\/imagier-arabe-apprendre-corps-humain\/\"]}]},{\"@type\":\"ImageObject\",\"inLanguage\":\"en-US\",\"@id\":\"https:\/\/moumtaaz.com\/boutique\/imagier-arabe-apprendre-corps-humain\/#primaryimage\",\"url\":\"https:\/\/moumtaaz.com\/wp-content\/uploads\/2023\/07\/Imagier-arabe-corps-humain.png\",\"contentUrl\":\"https:\/\/moumtaaz.com\/wp-content\/uploads\/2023\/07\/Imagier-arabe-corps-humain.png\",\"width\":619,\"height\":595,\"caption\":\"Imagier arabe Corps .pdf Apprendre le vocabulaire du corps humain\"},{\"@type\":\"BreadcrumbList\",\"@id\":\"https:\/\/moumtaaz.com\/boutique\/imagier-arabe-apprendre-corps-humain\/#breadcrumb\",\"itemListElement\":[{\"@type\":\"ListItem\",\"position\":1,\"name\":\"Accueil\",\"item\":\"https:\/\/moumtaaz.com\/\"},{\"@type\":\"ListItem\",\"position\":2,\"name\":\"Boutique\",\"item\":\"https:\/\/moumtaaz.com\/boutique\/\"},{\"@type\":\"ListItem\",\"position\":3,\"name\":\"Imagier arabe .pdf &#8211; Apprendre les parties du corps humain\"}]},{\"@type\":\"WebSite\",\"@id\":\"https:\/\/moumtaaz.com\/#website\",\"url\":\"https:\/\/moumtaaz.com\/\",\"name\":\"Moumtaaz\",\"description\":\"Apprendre l&#039;arabe pour les enfants en s&#039;amusant avec le jeu \u00e9ducatif Moumtaaz\",\"publisher\":{\"@id\":\"https:\/\/moumtaaz.com\/#organization\"},\"potentialAction\":[{\"@type\":\"SearchAction\",\"target\":{\"@type\":\"EntryPoint\",\"urlTemplate\":\"https:\/\/moumtaaz.com\/?s={search_term_string}\"},\"query-input\":{\"@type\":\"PropertyValueSpecification\",\"valueRequired\":true,\"valueName\":\"search_term_string\"}}],\"inLanguage\":\"en-US\"},{\"@type\":\"Organization\",\"@id\":\"https:\/\/moumtaaz.com\/#organization\",\"name\":\"Moumtaaz\",\"url\":\"https:\/\/moumtaaz.com\/\",\"logo\":{\"@type\":\"ImageObject\",\"inLanguage\":\"en-US\",\"@id\":\"https:\/\/moumtaaz.com\/#\/schema\/logo\/image\/\",\"url\":\"https:\/\/moumtaaz.com\/wp-content\/uploads\/2023\/06\/logo-moumtaz-1.png\",\"contentUrl\":\"https:\/\/moumtaaz.com\/wp-content\/uploads\/2023\/06\/logo-moumtaz-1.png\",\"width\":193,\"height\":63,\"caption\":\"Moumtaaz\"},\"image\":{\"@id\":\"https:\/\/moumtaaz.com\/#\/schema\/logo\/image\/\"}}]}<\/script>\n<!-- \/ Yoast SEO plugin. -->","yoast_head_json":{"title":"Imagier arabe .pdf - Apprendre les parties du corps humain - Moumtaaz","robots":{"index":"index","follow":"follow","max-snippet":"max-snippet:-1","max-image-preview":"max-image-preview:large","max-video-preview":"max-video-preview:-1"},"canonical":"https:\/\/moumtaaz.com\/en\/boutique\/imagier-arabe-apprendre-corps-humain\/","og_locale":"en_US","og_type":"article","og_title":"Imagier arabe .pdf - Apprendre les parties du corps humain - Moumtaaz","og_description":"Moumtaaz, apprendre l&rsquo;arabe en s&rsquo;amusant ! Apprenez les diff\u00e9rents membres du corps humain \u00e0 travers cet imagier design et color\u00e9 au format .pdf 20 mots en arabe illustr\u00e9s, traduits en fran\u00e7ais et en anglais pour vous exercer \u00e0 la pratique de la langue arabe et enrichir son vocabulaire. De la t\u00eate aux pieds, le corps [&hellip;]","og_url":"https:\/\/moumtaaz.com\/en\/boutique\/imagier-arabe-apprendre-corps-humain\/","og_site_name":"Moumtaaz","article_modified_time":"2025-05-14T11:27:29+00:00","og_image":[{"width":619,"height":595,"url":"https:\/\/moumtaaz.com\/wp-content\/uploads\/2023\/07\/Imagier-arabe-corps-humain.png","type":"image\/png"}],"twitter_card":"summary_large_image","twitter_misc":{"Est. reading time":"1 minute"},"schema":{"@context":"https:\/\/schema.org","@graph":[{"@type":"WebPage","@id":"https:\/\/moumtaaz.com\/boutique\/imagier-arabe-apprendre-corps-humain\/","url":"https:\/\/moumtaaz.com\/boutique\/imagier-arabe-apprendre-corps-humain\/","name":"Imagier arabe .pdf - Apprendre les parties du corps humain - Moumtaaz","isPartOf":{"@id":"https:\/\/moumtaaz.com\/#website"},"primaryImageOfPage":{"@id":"https:\/\/moumtaaz.com\/boutique\/imagier-arabe-apprendre-corps-humain\/#primaryimage"},"image":{"@id":"https:\/\/moumtaaz.com\/boutique\/imagier-arabe-apprendre-corps-humain\/#primaryimage"},"thumbnailUrl":"https:\/\/moumtaaz.com\/wp-content\/uploads\/2023\/07\/Imagier-arabe-corps-humain.png","datePublished":"2023-07-12T14:00:39+00:00","dateModified":"2025-05-14T11:27:29+00:00","breadcrumb":{"@id":"https:\/\/moumtaaz.com\/boutique\/imagier-arabe-apprendre-corps-humain\/#breadcrumb"},"inLanguage":"en-US","potentialAction":[{"@type":"ReadAction","target":["https:\/\/moumtaaz.com\/boutique\/imagier-arabe-apprendre-corps-humain\/"]}]},{"@type":"ImageObject","inLanguage":"en-US","@id":"https:\/\/moumtaaz.com\/boutique\/imagier-arabe-apprendre-corps-humain\/#primaryimage","url":"https:\/\/moumtaaz.com\/wp-content\/uploads\/2023\/07\/Imagier-arabe-corps-humain.png","contentUrl":"https:\/\/moumtaaz.com\/wp-content\/uploads\/2023\/07\/Imagier-arabe-corps-humain.png","width":619,"height":595,"caption":"Imagier arabe Corps .pdf Apprendre le vocabulaire du corps humain"},{"@type":"BreadcrumbList","@id":"https:\/\/moumtaaz.com\/boutique\/imagier-arabe-apprendre-corps-humain\/#breadcrumb","itemListElement":[{"@type":"ListItem","position":1,"name":"Accueil","item":"https:\/\/moumtaaz.com\/"},{"@type":"ListItem","position":2,"name":"Boutique","item":"https:\/\/moumtaaz.com\/boutique\/"},{"@type":"ListItem","position":3,"name":"Imagier arabe .pdf &#8211; Apprendre les parties du corps humain"}]},{"@type":"WebSite","@id":"https:\/\/moumtaaz.com\/#website","url":"https:\/\/moumtaaz.com\/","name":"Moumtaaz","description":"Apprendre l&#039;arabe pour les enfants en s&#039;amusant avec le jeu \u00e9ducatif Moumtaaz","publisher":{"@id":"https:\/\/moumtaaz.com\/#organization"},"potentialAction":[{"@type":"SearchAction","target":{"@type":"EntryPoint","urlTemplate":"https:\/\/moumtaaz.com\/?s={search_term_string}"},"query-input":{"@type":"PropertyValueSpecification","valueRequired":true,"valueName":"search_term_string"}}],"inLanguage":"en-US"},{"@type":"Organization","@id":"https:\/\/moumtaaz.com\/#organization","name":"Moumtaaz","url":"https:\/\/moumtaaz.com\/","logo":{"@type":"ImageObject","inLanguage":"en-US","@id":"https:\/\/moumtaaz.com\/#\/schema\/logo\/image\/","url":"https:\/\/moumtaaz.com\/wp-content\/uploads\/2023\/06\/logo-moumtaz-1.png","contentUrl":"https:\/\/moumtaaz.com\/wp-content\/uploads\/2023\/06\/logo-moumtaz-1.png","width":193,"height":63,"caption":"Moumtaaz"},"image":{"@id":"https:\/\/moumtaaz.com\/#\/schema\/logo\/image\/"}}]}},"_links":{"self":[{"href":"https:\/\/moumtaaz.com\/en\/wp-json\/wp\/v2\/product\/498","targetHints":{"allow":["GET"]}}],"collection":[{"href":"https:\/\/moumtaaz.com\/en\/wp-json\/wp\/v2\/product"}],"about":[{"href":"https:\/\/moumtaaz.com\/en\/wp-json\/wp\/v2\/types\/product"}],"replies":[{"embeddable":true,"href":"https:\/\/moumtaaz.com\/en\/wp-json\/wp\/v2\/comments?post=498"}],"wp:featuredmedia":[{"embeddable":true,"href":"https:\/\/moumtaaz.com\/en\/wp-json\/wp\/v2\/media\/499"}],"wp:attachment":[{"href":"https:\/\/moumtaaz.com\/en\/wp-json\/wp\/v2\/media?parent=498"}],"wp:term":[{"taxonomy":"product_brand","embeddable":true,"href":"https:\/\/moumtaaz.com\/en\/wp-json\/wp\/v2\/product_brand?post=498"},{"taxonomy":"product_cat","embeddable":true,"href":"https:\/\/moumtaaz.com\/en\/wp-json\/wp\/v2\/product_cat?post=498"},{"taxonomy":"product_tag","embeddable":true,"href":"https:\/\/moumtaaz.com\/en\/wp-json\/wp\/v2\/product_tag?post=498"}],"curies":[{"name":"wp","href":"https:\/\/api.w.org\/{rel}","templated":true}]}}